{"id":14,"date":"2025-07-17T16:58:15","date_gmt":"2025-07-17T16:58:15","guid":{"rendered":"https:\/\/blueheavenfinser.com\/es\/?page_id=14"},"modified":"2025-07-18T04:59:44","modified_gmt":"2025-07-18T04:59:44","slug":"inicio","status":"publish","type":"page","link":"https:\/\/blueheavenfinser.com\/es\/","title":{"rendered":"Inicio"},"content":{"rendered":"\n<div class=\"slider-wrapper relative\" id=\"slider-596516520\" style=\"background-color:rgb(46, 125, 177);\">\n    <div class=\"slider slider-nav-simple slider-nav-large slider-nav-light slider-nav-outside slider-style-normal slider-show-nav\"\n        data-flickity-options='{\n            \"cellAlign\": \"center\",\n            \"imagesLoaded\": true,\n            \"lazyLoad\": 1,\n            \"freeScroll\": false,\n            \"wrapAround\": true,\n            \"autoPlay\": 3000,\n            \"pauseAutoPlayOnHover\" : false,\n            \"prevNextButtons\": true,\n            \"contain\" : true,\n            \"adaptiveHeight\" : true,\n            \"dragThreshold\" : 10,\n            \"percentPosition\": true,\n            \"pageDots\": false,\n            \"rightToLeft\": false,\n            \"draggable\": true,\n            \"selectedAttraction\": 0.1,\n            \"parallax\" : 0,\n            \"friction\": 0.6        }'\n        >\n        \n\n\n\t<section class=\"section\" id=\"section_663662443\">\n\t\t<div class=\"section-bg fill\" >\n\t\t\t<img loading=\"lazy\" decoding=\"async\" width=\"2560\" height=\"1708\" src=\"https:\/\/blueheavenfinser.com\/es\/wp-content\/uploads\/sites\/3\/2025\/07\/banner1-scaled-1.jpg\" class=\"bg attachment- size-\" alt=\"\" \/>\t\t\t\t\t\t\n\t\t\t\n\t<div class=\"is-border\"\n\t\tstyle=\"border-color:rgb(111, 166, 212);border-width:0px 0px 20px 0px;\">\n\t<\/div>\n\n\t\t<\/div>\n\n\t\t\n\n\t\t<div class=\"section-content relative\">\n\t\t\t\n\n<div class=\"row\"  id=\"row-1510889802\">\n\n\n\t<div id=\"col-1671364194\" class=\"col medium-7 small-12 large-5\"  >\n\t\t\t\t<div class=\"col-inner\"  >\n\t\t\t\n\t\t\t\n\n\n\t\t<\/div>\n\t\t\t\t\t<\/div>\n\n\t\n\n<\/div>\n\n\t\t<\/div>\n\n\t\t\n<style>\n#section_663662443 {\n  padding-top: 30px;\n  padding-bottom: 30px;\n  min-height: 480px;\n  background-color: rgb(46, 125, 177);\n}\n#section_663662443 .section-bg img {\n  object-position: 70% 17%;\n}\n<\/style>\n\t<\/section>\n\t\n\n\t<section class=\"section dark\" id=\"section_227373824\">\n\t\t<div class=\"section-bg fill\" >\n\t\t\t<img loading=\"lazy\" decoding=\"async\" width=\"2560\" height=\"1707\" src=\"https:\/\/blueheavenfinser.com\/es\/wp-content\/uploads\/sites\/3\/2025\/07\/banner2-scaled-1.jpg\" class=\"bg attachment- size-\" alt=\"\" \/>\t\t\t\t\t\t\n\t\t\t\n\t<div class=\"is-border\"\n\t\tstyle=\"border-color:rgb(111, 166, 212);border-width:0px 0px 20px 0px;\">\n\t<\/div>\n\n\t\t<\/div>\n\n\t\t\n\n\t\t<div class=\"section-content relative\">\n\t\t\t\n\n<div class=\"row\"  id=\"row-1175644085\">\n\n\n\t<div id=\"col-274184860\" class=\"col medium-7 small-12 large-5\"  >\n\t\t\t\t<div class=\"col-inner\"  >\n\t\t\t\n\t\t\t\n\n\n\t\t<\/div>\n\t\t\t\t\t<\/div>\n\n\t\n\n<\/div>\n\n\t\t<\/div>\n\n\t\t\n<style>\n#section_227373824 {\n  padding-top: 30px;\n  padding-bottom: 30px;\n  min-height: 480px;\n  background-color: rgb(46, 125, 177);\n}\n#section_227373824 .section-bg img {\n  object-position: 50% 13%;\n}\n<\/style>\n\t<\/section>\n\t\n\n\t<section class=\"section dark\" id=\"section_1719177194\">\n\t\t<div class=\"section-bg fill\" >\n\t\t\t<img loading=\"lazy\" decoding=\"async\" width=\"2560\" height=\"1440\" src=\"https:\/\/blueheavenfinser.com\/es\/wp-content\/uploads\/sites\/3\/2025\/07\/banner3-scaled-1.jpg\" class=\"bg attachment- size-\" alt=\"\" \/>\t\t\t\t\t\t\n\t\t\t\n\t<div class=\"is-border\"\n\t\tstyle=\"border-color:rgb(111, 166, 212);border-width:0px 0px 20px 0px;\">\n\t<\/div>\n\n\t\t<\/div>\n\n\t\t\n\n\t\t<div class=\"section-content relative\">\n\t\t\t\n\n<div class=\"row\"  id=\"row-119890880\">\n\n\n\t<div id=\"col-2043137260\" class=\"col medium-7 small-12 large-5\"  >\n\t\t\t\t<div class=\"col-inner\"  >\n\t\t\t\n\t\t\t\n\n\n\t\t<\/div>\n\t\t\t\t\t<\/div>\n\n\t\n\n<\/div>\n\n\t\t<\/div>\n\n\t\t\n<style>\n#section_1719177194 {\n  padding-top: 30px;\n  padding-bottom: 30px;\n  min-height: 480px;\n  background-color: rgb(46, 125, 177);\n}\n#section_1719177194 .section-bg img {\n  object-position: 50% 13%;\n}\n<\/style>\n\t<\/section>\n\t\n\n     <\/div>\n\n     <div class=\"loading-spin dark large centered\"><\/div>\n\n\t<\/div>\n\n\n\n\t<section class=\"section\" id=\"section_1446381160\">\n\t\t<div class=\"section-bg fill\" >\n\t\t\t\t\t\t\t\t\t\n\t\t\t\n\n\t\t<\/div>\n\n\t\t\n\n\t\t<div class=\"section-content relative\">\n\t\t\t\n\n<div class=\"row\"  id=\"row-2111478993\">\n\n\n\t<div id=\"col-1187262602\" class=\"col small-12 large-12\"  >\n\t\t\t\t<div class=\"col-inner\"  >\n\t\t\t\n\t\t\t\n\n<div class=\"row row-small row-box-shadow-1 row-box-shadow-4-hover\"  id=\"row-52067657\">\n\n\n\t<div id=\"col-1566805482\" class=\"col medium-6 small-12 large-3\"  >\n\t\t\t\t<div class=\"col-inner\"  >\n\t\t\t\n\t\t\t\n\n\n\t\t<div class=\"icon-box featured-box icon-box-center text-center\"  >\n\t\t\t\t<div class=\"icon-box-text last-reset\">\n\t\t\t\t\t\t\t\t\t\n\n\t<div class=\"img has-hover x md-x lg-x y md-y lg-y\" id=\"image_1295143236\">\n\t\t<a class=\"\" href=\"https:\/\/blueheavenfinser.com\/es\/informacion-general\/\" >\t\t\t\t\t\t<div class=\"img-inner image-cover dark\" style=\"padding-top:56.25%;\">\n\t\t\t<img loading=\"lazy\" decoding=\"async\" width=\"1020\" height=\"673\" src=\"https:\/\/blueheavenfinser.com\/es\/wp-content\/uploads\/sites\/3\/2025\/07\/general-information.jpg\" class=\"attachment-large size-large\" alt=\"\" srcset=\"https:\/\/blueheavenfinser.com\/es\/wp-content\/uploads\/sites\/3\/2025\/07\/general-information.jpg 1024w, https:\/\/blueheavenfinser.com\/es\/wp-content\/uploads\/sites\/3\/2025\/07\/general-information-300x198.jpg 300w, https:\/\/blueheavenfinser.com\/es\/wp-content\/uploads\/sites\/3\/2025\/07\/general-information-768x507.jpg 768w\" sizes=\"auto, (max-width: 1020px) 100vw, 1020px\" \/>\t\t\t\t\t\t\n\t\t\t\t\t<\/div>\n\t\t\t\t\t\t<\/a>\t\t\n<style>\n#image_1295143236 {\n  width: 100%;\n}\n<\/style>\n\t<\/div>\n\t\n\n\t<div id=\"text-3214892742\" class=\"text\">\n\t\t\n\n<p>&nbsp;<\/p>\n<p><a href=\"https:\/\/blueheavenfinser.com\/es\/informacion-general\/\"><strong>INFORMACI\u00d3N GENERAL<\/strong><\/a><\/p>\n\t\t\n<style>\n#text-3214892742 {\n  font-size: 0.75rem;\n  line-height: 1.1;\n  text-align: center;\n  color: rgb(26, 42, 134);\n}\n#text-3214892742 > * {\n  color: rgb(26, 42, 134);\n}\n<\/style>\n\t<\/div>\n\t\n\n\t\t<\/div>\n\t<\/div>\n\t\n\t\n\n\t\t<\/div>\n\t\t\t\t\t<\/div>\n\n\t\n\n\t<div id=\"col-1277409571\" class=\"col medium-6 small-12 large-3\"  >\n\t\t\t\t<div class=\"col-inner\"  >\n\t\t\t\n\t\t\t\n\n\n\t\t<div class=\"icon-box featured-box icon-box-center text-center\"  >\n\t\t\t\t<div class=\"icon-box-text last-reset\">\n\t\t\t\t\t\t\t\t\t\n\n\t<div class=\"img has-hover x md-x lg-x y md-y lg-y\" id=\"image_1231809070\">\n\t\t<a class=\"\" href=\"https:\/\/blueheavenfinser.com\/es\/informacion-del-proyecto\/\" >\t\t\t\t\t\t<div class=\"img-inner image-cover dark\" style=\"padding-top:56.25%;\">\n\t\t\t<img loading=\"lazy\" decoding=\"async\" width=\"1020\" height=\"679\" src=\"https:\/\/blueheavenfinser.com\/es\/wp-content\/uploads\/sites\/3\/2025\/07\/project-information-1024x682.webp\" class=\"attachment-large size-large\" alt=\"\" srcset=\"https:\/\/blueheavenfinser.com\/es\/wp-content\/uploads\/sites\/3\/2025\/07\/project-information-1024x682.webp 1024w, https:\/\/blueheavenfinser.com\/es\/wp-content\/uploads\/sites\/3\/2025\/07\/project-information-300x200.webp 300w, https:\/\/blueheavenfinser.com\/es\/wp-content\/uploads\/sites\/3\/2025\/07\/project-information-768x512.webp 768w, https:\/\/blueheavenfinser.com\/es\/wp-content\/uploads\/sites\/3\/2025\/07\/project-information-1536x1023.webp 1536w, https:\/\/blueheavenfinser.com\/es\/wp-content\/uploads\/sites\/3\/2025\/07\/project-information.webp 1920w\" sizes=\"auto, (max-width: 1020px) 100vw, 1020px\" \/>\t\t\t\t\t\t\n\t\t\t\t\t<\/div>\n\t\t\t\t\t\t<\/a>\t\t\n<style>\n#image_1231809070 {\n  width: 100%;\n}\n<\/style>\n\t<\/div>\n\t\n\n\t<div id=\"text-778301387\" class=\"text\">\n\t\t\n\n<p>&nbsp;<\/p>\n<p><a href=\"https:\/\/blueheavenfinser.com\/es\/informacion-del-proyecto\/\"><strong>INFORMACI\u00d3N DEL PROYECTO<\/strong><\/a><\/p>\n\t\t\n<style>\n#text-778301387 {\n  font-size: 0.75rem;\n  line-height: 1.1;\n  text-align: center;\n  color: rgb(26, 42, 134);\n}\n#text-778301387 > * {\n  color: rgb(26, 42, 134);\n}\n<\/style>\n\t<\/div>\n\t\n\n\t\t<\/div>\n\t<\/div>\n\t\n\t\n\n\t\t<\/div>\n\t\t\t\t\t<\/div>\n\n\t\n\n\t<div id=\"col-1075283426\" class=\"col medium-6 small-12 large-3\"  >\n\t\t\t\t<div class=\"col-inner\"  >\n\t\t\t\n\t\t\t\n\n\n\t\t<div class=\"icon-box featured-box icon-box-center text-center\"  >\n\t\t\t\t<div class=\"icon-box-text last-reset\">\n\t\t\t\t\t\t\t\t\t\n\n\t<div class=\"img has-hover x md-x lg-x y md-y lg-y\" id=\"image_403920519\">\n\t\t<a class=\"\" href=\"https:\/\/blueheavenfinser.com\/es\/agentes-y-representantes\/\" >\t\t\t\t\t\t<div class=\"img-inner image-cover dark\" style=\"padding-top:56.25%;\">\n\t\t\t<img loading=\"lazy\" decoding=\"async\" width=\"1020\" height=\"551\" src=\"https:\/\/blueheavenfinser.com\/es\/wp-content\/uploads\/sites\/3\/2025\/07\/agents-and-representatives-1024x553.jpeg\" class=\"attachment-large size-large\" alt=\"\" srcset=\"https:\/\/blueheavenfinser.com\/es\/wp-content\/uploads\/sites\/3\/2025\/07\/agents-and-representatives-1024x553.jpeg 1024w, https:\/\/blueheavenfinser.com\/es\/wp-content\/uploads\/sites\/3\/2025\/07\/agents-and-representatives-300x162.jpeg 300w, https:\/\/blueheavenfinser.com\/es\/wp-content\/uploads\/sites\/3\/2025\/07\/agents-and-representatives-768x415.jpeg 768w, https:\/\/blueheavenfinser.com\/es\/wp-content\/uploads\/sites\/3\/2025\/07\/agents-and-representatives.jpeg 1280w\" sizes=\"auto, (max-width: 1020px) 100vw, 1020px\" \/>\t\t\t\t\t\t\n\t\t\t\t\t<\/div>\n\t\t\t\t\t\t<\/a>\t\t\n<style>\n#image_403920519 {\n  width: 100%;\n}\n<\/style>\n\t<\/div>\n\t\n\n\t<div id=\"text-1291419417\" class=\"text\">\n\t\t\n\n<p>&nbsp;<\/p>\n<p><a href=\"https:\/\/blueheavenfinser.com\/es\/agentes-y-representantes\/\"><strong>AGENTES Y REPRESENTANTES<\/strong><\/a><\/p>\n\t\t\n<style>\n#text-1291419417 {\n  font-size: 0.75rem;\n  line-height: 1.1;\n  text-align: center;\n  color: rgb(26, 42, 134);\n}\n#text-1291419417 > * {\n  color: rgb(26, 42, 134);\n}\n<\/style>\n\t<\/div>\n\t\n\n\t\t<\/div>\n\t<\/div>\n\t\n\t\n\n\t\t<\/div>\n\t\t\t\t\t<\/div>\n\n\t\n\n\t<div id=\"col-1584501543\" class=\"col medium-6 small-12 large-3\"  >\n\t\t\t\t<div class=\"col-inner\"  >\n\t\t\t\n\t\t\t\n\n\n\t\t<div class=\"icon-box featured-box icon-box-center text-center\"  >\n\t\t\t\t<div class=\"icon-box-text last-reset\">\n\t\t\t\t\t\t\t\t\t\n\n\t<div class=\"img has-hover x md-x lg-x y md-y lg-y\" id=\"image_416349790\">\n\t\t<a class=\"\" href=\"https:\/\/blueheavenfinser.com\/es\/requerimientos\/\" >\t\t\t\t\t\t<div class=\"img-inner image-cover dark\" style=\"padding-top:56.25%;\">\n\t\t\t<img loading=\"lazy\" decoding=\"async\" width=\"1020\" height=\"680\" src=\"https:\/\/blueheavenfinser.com\/es\/wp-content\/uploads\/sites\/3\/2025\/07\/requirements-1024x683.jpg\" class=\"attachment-large size-large\" alt=\"\" srcset=\"https:\/\/blueheavenfinser.com\/es\/wp-content\/uploads\/sites\/3\/2025\/07\/requirements-1024x683.jpg 1024w, https:\/\/blueheavenfinser.com\/es\/wp-content\/uploads\/sites\/3\/2025\/07\/requirements-300x200.jpg 300w, https:\/\/blueheavenfinser.com\/es\/wp-content\/uploads\/sites\/3\/2025\/07\/requirements-768x512.jpg 768w, https:\/\/blueheavenfinser.com\/es\/wp-content\/uploads\/sites\/3\/2025\/07\/requirements-1536x1024.jpg 1536w, https:\/\/blueheavenfinser.com\/es\/wp-content\/uploads\/sites\/3\/2025\/07\/requirements-2048x1366.jpg 2048w\" sizes=\"auto, (max-width: 1020px) 100vw, 1020px\" \/>\t\t\t\t\t\t\n\t\t\t\t\t<\/div>\n\t\t\t\t\t\t<\/a>\t\t\n<style>\n#image_416349790 {\n  width: 100%;\n}\n<\/style>\n\t<\/div>\n\t\n\n\t<div id=\"text-1426814191\" class=\"text\">\n\t\t\n\n<p>&nbsp;<\/p>\n<p><a href=\"https:\/\/blueheavenfinser.com\/es\/requerimientos\/\"><b>REQUERIMIENTOS<\/b><\/a><\/p>\n\t\t\n<style>\n#text-1426814191 {\n  font-size: 0.75rem;\n  line-height: 1.1;\n  text-align: center;\n  color: rgb(26, 42, 134);\n}\n#text-1426814191 > * {\n  color: rgb(26, 42, 134);\n}\n<\/style>\n\t<\/div>\n\t\n\n\t\t<\/div>\n\t<\/div>\n\t\n\t\n\n\t\t<\/div>\n\t\t\t\t\t<\/div>\n\n\t\n\n\n<style>\n#row-52067657 > .col > .col-inner {\n  padding: 30px 30px 30px 30px;\n  background-color: rgb(255,255,255);\n}\n<\/style>\n<\/div>\n\n\t\t<\/div>\n\t\t\t\t\n<style>\n#col-1187262602 > .col-inner {\n  margin: -100px 0px 0px 0px;\n}\n<\/style>\n\t<\/div>\n\n\t\n\n<\/div>\n<div class=\"text-center\"><div class=\"is-divider divider clearfix\" style=\"max-width:500px;\"><\/div><\/div>\n\n\n\t\t<\/div>\n\n\t\t\n<style>\n#section_1446381160 {\n  padding-top: 30px;\n  padding-bottom: 30px;\n  background-color: rgb(255, 255, 255);\n}\n<\/style>\n\t<\/section>\n\t\n\n\t<section class=\"section\" id=\"section_799726854\">\n\t\t<div class=\"section-bg fill\" >\n\t\t\t\t\t\t\t\t\t<div class=\"section-bg-overlay absolute fill\"><\/div>\n\t\t\t\n\n\t\t<\/div>\n\n\t\t\n\n\t\t<div class=\"section-content relative\">\n\t\t\t\n\n<div class=\"row row-large align-middle\"  id=\"row-1963995955\">\n\n\n\t<div id=\"col-714723848\" class=\"col medium-4 small-12 large-4\"  >\n\t\t\t\t<div class=\"col-inner\"  >\n\t\t\t\n\t\t\t\n\n<div class=\"container section-title-container\" ><h3 class=\"section-title section-title-normal\"><b><\/b><span class=\"section-title-main\" style=\"color:rgb(26, 42, 134);\">\u00bfPROBLEMAS PARA BUSCAR FINANCIAMIENTO A LARGO PLAZO?<\/span><b><\/b><\/h3><\/div>\n\n\n\t\t<\/div>\n\t\t\t\t\t<\/div>\n\n\t\n\n\t<div id=\"col-737341858\" class=\"col medium-8 small-12 large-8\"  >\n\t\t\t\t<div class=\"col-inner text-left\"  >\n\t\t\t\n\t\t\t\n\n\t<div id=\"text-3702659700\" class=\"text\">\n\t\t\n\n<p class=\"textogris\" align=\"justify\">La situaci\u00f3n que enfrenta la mayor\u00eda de las compa\u00f1\u00edas que se inician o est\u00e1n en crecimiento en el mundo de hoy, es que hay una necesidad cr\u00edtica para su Financiaci\u00f3n.<\/p>\n<p class=\"textogris\" align=\"justify\">Todav\u00eda la mayor\u00eda de estas compa\u00f1\u00edas no califican para financiamientos utilizados por Instituciones Financieras tradicionales; que exigen un criterio poco realista en lo que se refiere a los requisitos de Garant\u00edas y Colaterales; esta pr\u00e1ctica elimina la posibilidad que la inmensa mayor\u00eda de aqu\u00e9llos que buscan Capital, lo logren eficazmente.<\/p>\n<p class=\"textogris\" align=\"justify\">El a\u00f1o pasado un gran n\u00famero de nuevos negocios y en expansi\u00f3n, consolid\u00f3 su financiamiento con Garant\u00edas y Colaterales para el Principal del Pr\u00e9stamo, prove\u00eddas por Grupos Inversionistas e Instituciones Financieras. Algui\u00e9n financia en alguna parte. \u00bfqui\u00e9n?, d\u00f3nde? \u00bfy c\u00f3mo?.<\/p>\n\t\t\n<style>\n#text-3702659700 {\n  font-size: 0.9rem;\n}\n<\/style>\n\t<\/div>\n\t\n\n\t\t<\/div>\n\t\t\t\t\t<\/div>\n\n\t\n\n<\/div>\n\n\t\t<\/div>\n\n\t\t\n<style>\n#section_799726854 {\n  padding-top: 60px;\n  padding-bottom: 60px;\n  background-color: rgb(255, 249, 249);\n}\n#section_799726854 .section-bg-overlay {\n  background-color: rgba(255, 255, 255, 0.85);\n}\n<\/style>\n\t<\/section>\n\t\n\n\t<section class=\"section\" id=\"section_2007803480\">\n\t\t<div class=\"section-bg fill\" >\n\t\t\t\t\t\t\t\t\t<div class=\"section-bg-overlay absolute fill\"><\/div>\n\t\t\t\n\n\t\t<\/div>\n\n\t\t\n\n\t\t<div class=\"section-content relative\">\n\t\t\t\n\n<div class=\"row row-large align-middle\"  id=\"row-644387042\">\n\n\n\t<div id=\"col-1125903816\" class=\"col medium-4 small-12 large-4\"  >\n\t\t\t\t<div class=\"col-inner\"  >\n\t\t\t\n\t\t\t\n\n<div class=\"container section-title-container\" ><h3 class=\"section-title section-title-normal\"><b><\/b><span class=\"section-title-main\" style=\"color:rgb(26, 42, 134);\">LA SOLUCI\u00d3N DE BLUEHEAVEN FINANCIAL SERVICE<\/span><b><\/b><\/h3><\/div>\n\n\t<div class=\"img has-hover x md-x lg-x y md-y lg-y\" id=\"image_272011994\">\n\t\t\t\t\t\t\t\t<div class=\"img-inner dark\" >\n\t\t\t<img loading=\"lazy\" decoding=\"async\" width=\"430\" height=\"213\" src=\"https:\/\/blueheavenfinser.com\/es\/wp-content\/uploads\/sites\/3\/2025\/07\/banca-e1752550482285.jpg\" class=\"attachment-large size-large\" alt=\"\" srcset=\"https:\/\/blueheavenfinser.com\/es\/wp-content\/uploads\/sites\/3\/2025\/07\/banca-e1752550482285.jpg 430w, https:\/\/blueheavenfinser.com\/es\/wp-content\/uploads\/sites\/3\/2025\/07\/banca-e1752550482285-300x149.jpg 300w\" sizes=\"auto, (max-width: 430px) 100vw, 430px\" \/>\t\t\t\t\t\t\n\t\t\t\t\t<\/div>\n\t\t\t\t\t\t\t\t\n<style>\n#image_272011994 {\n  width: 100%;\n}\n<\/style>\n\t<\/div>\n\t\n\n\t<div class=\"img has-hover x md-x lg-x y md-y lg-y\" id=\"image_792292628\">\n\t\t\t\t\t\t\t\t<div class=\"img-inner dark\" >\n\t\t\t<img loading=\"lazy\" decoding=\"async\" width=\"649\" height=\"317\" src=\"https:\/\/blueheavenfinser.com\/es\/wp-content\/uploads\/sites\/3\/2025\/07\/FINANZAS-PERSONALES-e1752550552373.jpg\" class=\"attachment-large size-large\" alt=\"\" srcset=\"https:\/\/blueheavenfinser.com\/es\/wp-content\/uploads\/sites\/3\/2025\/07\/FINANZAS-PERSONALES-e1752550552373.jpg 649w, https:\/\/blueheavenfinser.com\/es\/wp-content\/uploads\/sites\/3\/2025\/07\/FINANZAS-PERSONALES-e1752550552373-300x147.jpg 300w\" sizes=\"auto, (max-width: 649px) 100vw, 649px\" \/>\t\t\t\t\t\t\n\t\t\t\t\t<\/div>\n\t\t\t\t\t\t\t\t\n<style>\n#image_792292628 {\n  width: 100%;\n}\n<\/style>\n\t<\/div>\n\t\n\n\t<div class=\"img has-hover x md-x lg-x y md-y lg-y\" id=\"image_1854656257\">\n\t\t\t\t\t\t\t\t<div class=\"img-inner dark\" >\n\t\t\t\t\t\t\t\t\t\n\t\t\t\t\t<\/div>\n\t\t\t\t\t\t\t\t\n<style>\n#image_1854656257 {\n  width: 98%;\n}\n<\/style>\n\t<\/div>\n\t\n\n\t<div class=\"img has-hover x md-x lg-x y md-y lg-y\" id=\"image_1901162477\">\n\t\t\t\t\t\t\t\t<div class=\"img-inner dark\" >\n\t\t\t\t\t\t\t\t\t\n\t\t\t\t\t<\/div>\n\t\t\t\t\t\t\t\t\n<style>\n#image_1901162477 {\n  width: 98%;\n}\n<\/style>\n\t<\/div>\n\t\n\n\n\t\t<\/div>\n\t\t\t\t\t<\/div>\n\n\t\n\n\t<div id=\"col-1212458751\" class=\"col medium-8 small-12 large-8\"  >\n\t\t\t\t<div class=\"col-inner text-left\"  >\n\t\t\t\n\t\t\t\n\n\t<div id=\"text-3716237882\" class=\"text\">\n\t\t\n\n<p class=\"textogris\" align=\"justify\">Si usted quiere obtener la Financiaci\u00f3n para Proyectos de Inversi\u00f3n; \u00bfusted sabe con quien?, \u00bfusted sabe c\u00f3mo? \u00bfusted sabe d\u00f3nde ir?. El Proceso del Cr\u00e9dito Mejorado puesto en pr\u00e1ctica por BLUEHEAVEN FINANCIAL SERVICE, es para resaltar y acentuar los aspectos positivos de cada proyecto.<\/p>\n<p class=\"textogris\" align=\"justify\">BLUEHEAVEN FINANCIAL SERVICE sabe donde est\u00e1n los fondos y qu\u00e9 Grupo Inversionista e Instituci\u00f3n Financiera tienen inter\u00e9s en su Proyecto de Inversi\u00f3n. Juntos ellos invirtieron casi US $200 mil millones en financiar a compa\u00f1\u00edas el a\u00f1o pasado: compa\u00f1\u00edas que se iniciaban o que estaban en expansi\u00f3n. Esto pudo ser posible utilizando una exclusiva Red Global de Tecnolog\u00eda Habilitada de Grupos Inversionistas e Instituciones Financieras.<\/p>\n<p class=\"textogris\" align=\"justify\">El servicio principal de BLUEHEAVEN FINANCIAL SERVICE para sus clientes, es facilitar la financiaci\u00f3n a largo plazo, ayud\u00e1ndoles a obtener las Garant\u00edas y Colaterales que son aceptadas por la Comunidad Bancaria Internacional. BLUEHEAVEN FINANCIAL SERVICE ha desarrollado una sofisticada Ingenier\u00eda Financiera para lograr financiamiento de negocios; a trav\u00e9s del pensamiento creativo, consolida el compromiso s\u00f3lido y seguro de Garant\u00edas y Colaterales para pr\u00e9stamos a largo plazo. Los directores y representantes de BLUEHEAVEN FINANCIAL SERVICE han ayudado a muchos negocios privados en los diferentes pa\u00edses a lo largo del mundo durante los \u00faltimos a\u00f1os.<\/p>\n<p class=\"textogris\" align=\"justify\">Nuestros Requerimientos, cuidadosamente seleccionan en cuatro d\u00edas Bancarios los Grupos Inversionistas e Instituciones Financieras convenientes para su Proyecto, basados en una serie de criterios relacionados con la inversi\u00f3n. Este m\u00e9todo \u00abdel modelo global computarizado\u00bb, ubica y selecciona el Grupo Inversionista y la Instituci\u00f3n Financiera para afianzar el compromiso s\u00f3lido de Garant\u00edas y Colaterales para el pr\u00e9stamo a largo plazo y hacer realidad su proyecto. BLUEHEAVEN FINANCIAL SERVICE le ahorra cantidades inmensurables de tiempo y dinero, poni\u00e9ndolo al frente de qui\u00e9nes, en d\u00f3nde y c\u00f3mo se logran las garant\u00edas y los Fondos para su Proyecto.<\/p>\n\t\t\n<style>\n#text-3716237882 {\n  font-size: 0.9rem;\n}\n<\/style>\n\t<\/div>\n\t\n\n\t\t<\/div>\n\t\t\t\t\t<\/div>\n\n\t\n\n<\/div>\n\n\t\t<\/div>\n\n\t\t\n<style>\n#section_2007803480 {\n  padding-top: 60px;\n  padding-bottom: 60px;\n  background-color: rgb(193, 193, 193);\n}\n#section_2007803480 .section-bg-overlay {\n  background-color: rgba(255, 255, 255, 0.85);\n}\n<\/style>\n\t<\/section>\n\t\n\n\t<section class=\"section\" id=\"section_1141631042\">\n\t\t<div class=\"section-bg fill\" >\n\t\t\t\t\t\t\t\t\t<div class=\"section-bg-overlay absolute fill\"><\/div>\n\t\t\t\n\n\t\t<\/div>\n\n\t\t\n\n\t\t<div class=\"section-content relative\">\n\t\t\t\n\n<div class=\"row row-large align-middle\"  id=\"row-1940815887\">\n\n\n\t<div id=\"col-524614072\" class=\"col medium-4 small-12 large-4\"  >\n\t\t\t\t<div class=\"col-inner\"  >\n\t\t\t\n\t\t\t\n\n<div class=\"container section-title-container\" ><h3 class=\"section-title section-title-normal\"><b><\/b><span class=\"section-title-main\" style=\"color:rgb(26, 42, 134);\">TOMA DE DECISI\u00d3N<\/span><b><\/b><\/h3><\/div>\n\n\t<div class=\"img has-hover x md-x lg-x y md-y lg-y\" id=\"image_1074873215\">\n\t\t\t\t\t\t\t\t<div class=\"img-inner dark\" >\n\t\t\t<img loading=\"lazy\" decoding=\"async\" width=\"510\" height=\"340\" src=\"https:\/\/blueheavenfinser.com\/es\/wp-content\/uploads\/sites\/3\/2025\/07\/mision-e1752550775574.jpg\" class=\"attachment-large size-large\" alt=\"\" srcset=\"https:\/\/blueheavenfinser.com\/es\/wp-content\/uploads\/sites\/3\/2025\/07\/mision-e1752550775574.jpg 510w, https:\/\/blueheavenfinser.com\/es\/wp-content\/uploads\/sites\/3\/2025\/07\/mision-e1752550775574-300x200.jpg 300w\" sizes=\"auto, (max-width: 510px) 100vw, 510px\" \/>\t\t\t\t\t\t\n\t\t\t\t\t<\/div>\n\t\t\t\t\t\t\t\t\n<style>\n#image_1074873215 {\n  width: 100%;\n}\n<\/style>\n\t<\/div>\n\t\n\n\t<div class=\"img has-hover x md-x lg-x y md-y lg-y\" id=\"image_881713332\">\n\t\t\t\t\t\t\t\t<div class=\"img-inner dark\" >\n\t\t\t\t\t\t\t\t\t\n\t\t\t\t\t<\/div>\n\t\t\t\t\t\t\t\t\n<style>\n#image_881713332 {\n  width: 100%;\n}\n<\/style>\n\t<\/div>\n\t\n\n\n\t\t<\/div>\n\t\t\t\t\t<\/div>\n\n\t\n\n\t<div id=\"col-1736534774\" class=\"col medium-8 small-12 large-8\"  >\n\t\t\t\t<div class=\"col-inner text-left\"  >\n\t\t\t\n\t\t\t\n\n\t<div id=\"text-25481977\" class=\"text\">\n\t\t\n\n<p class=\"textogris\" align=\"justify\">Si usted busca seriamente capital para su negocio, tiene una visi\u00f3n clara, y puede documentar su plan de acci\u00f3n, BLUEHEAVEN FINANCIAL SERVICE puede ayudarle a realizar el financiamiento correcto. Nosotros tenemos Grupos Inversionistas e Instituciones Financieras que est\u00e1n buscando Proyectos de Inversi\u00f3n que est\u00e9n bien elaborados, de acuerdo al mercado potencial y capaces de proyectar un margen de ganancia sustancial. Inversionistas e Instituciones Prestamistas tienen inter\u00e9s en una variedad amplia de negocios y mercados de alto crecimiento.<\/p>\n<p class=\"textogris\" align=\"justify\">Enviando su \u201cFormato de Informaci\u00f3n del Proyecto\u201d, nosotros podremos evaluar la viabilidad de ponerlo al frente de un Grupo Inversionista e Instituciones Financiera. Por favor, recuerde que no hay ning\u00fan m\u00ednimo o cantidad m\u00e1xima del valor del Proyecto. No someta un \u201cFormato de Informaci\u00f3n del Proyecto\u201d, si usted no puede justificar esa cantidad en su Plan.<\/p>\n\t\t\n<style>\n#text-25481977 {\n  font-size: 0.9rem;\n}\n<\/style>\n\t<\/div>\n\t\n\n\t\t<\/div>\n\t\t\t\t\t<\/div>\n\n\t\n\n<\/div>\n\n\t\t<\/div>\n\n\t\t\n<style>\n#section_1141631042 {\n  padding-top: 60px;\n  padding-bottom: 60px;\n  background-color: rgb(255, 249, 249);\n}\n#section_1141631042 .section-bg-overlay {\n  background-color: rgba(255, 255, 255, 0.85);\n}\n<\/style>\n\t<\/section>\n\t\n","protected":false},"excerpt":{"rendered":"","protected":false},"author":1,"featured_media":0,"parent":0,"menu_order":0,"comment_status":"closed","ping_status":"closed","template":"","meta":{"footnotes":""},"class_list":["post-14","page","type-page","status-publish","hentry"],"_links":{"self":[{"href":"https:\/\/blueheavenfinser.com\/es\/wp-json\/wp\/v2\/pages\/14","targetHints":{"allow":["GET"]}}],"collection":[{"href":"https:\/\/blueheavenfinser.com\/es\/wp-json\/wp\/v2\/pages"}],"about":[{"href":"https:\/\/blueheavenfinser.com\/es\/wp-json\/wp\/v2\/types\/page"}],"author":[{"embeddable":true,"href":"https:\/\/blueheavenfinser.com\/es\/wp-json\/wp\/v2\/users\/1"}],"replies":[{"embeddable":true,"href":"https:\/\/blueheavenfinser.com\/es\/wp-json\/wp\/v2\/comments?post=14"}],"version-history":[{"count":9,"href":"https:\/\/blueheavenfinser.com\/es\/wp-json\/wp\/v2\/pages\/14\/revisions"}],"predecessor-version":[{"id":88,"href":"https:\/\/blueheavenfinser.com\/es\/wp-json\/wp\/v2\/pages\/14\/revisions\/88"}],"wp:attachment":[{"href":"https:\/\/blueheavenfinser.com\/es\/wp-json\/wp\/v2\/media?parent=14"}],"curies":[{"name":"wp","href":"https:\/\/api.w.org\/{rel}","templated":true}]}}