{"id":21,"date":"2025-07-17T17:01:29","date_gmt":"2025-07-17T17:01:29","guid":{"rendered":"https:\/\/blueheavenfinser.com\/es\/?page_id=21"},"modified":"2025-07-18T05:02:01","modified_gmt":"2025-07-18T05:02:01","slug":"agentes-y-representantes","status":"publish","type":"page","link":"https:\/\/blueheavenfinser.com\/es\/agentes-y-representantes\/","title":{"rendered":"Agentes y representantes"},"content":{"rendered":"\n<div class=\"slider-wrapper relative\" id=\"slider-2140260157\" style=\"background-color:rgb(46, 125, 177);\">\n    <div class=\"slider slider-nav-simple slider-nav-large slider-nav-light slider-nav-outside slider-style-normal slider-show-nav\"\n        data-flickity-options='{\n            \"cellAlign\": \"center\",\n            \"imagesLoaded\": true,\n            \"lazyLoad\": 1,\n            \"freeScroll\": false,\n            \"wrapAround\": true,\n            \"autoPlay\": 3000,\n            \"pauseAutoPlayOnHover\" : false,\n            \"prevNextButtons\": true,\n            \"contain\" : true,\n            \"adaptiveHeight\" : true,\n            \"dragThreshold\" : 10,\n            \"percentPosition\": true,\n            \"pageDots\": false,\n            \"rightToLeft\": false,\n            \"draggable\": true,\n            \"selectedAttraction\": 0.1,\n            \"parallax\" : 0,\n            \"friction\": 0.6        }'\n        >\n        \n\n\n\t<section class=\"section\" id=\"section_1270032577\">\n\t\t<div class=\"section-bg fill\" >\n\t\t\t<img loading=\"lazy\" decoding=\"async\" width=\"2560\" height=\"1708\" src=\"https:\/\/blueheavenfinser.com\/es\/wp-content\/uploads\/sites\/3\/2025\/07\/banner1-scaled-1.jpg\" class=\"bg attachment- size-\" alt=\"\" \/>\t\t\t\t\t\t\n\t\t\t\n\t<div class=\"is-border\"\n\t\tstyle=\"border-color:rgb(111, 166, 212);border-width:0px 0px 20px 0px;\">\n\t<\/div>\n\n\t\t<\/div>\n\n\t\t\n\n\t\t<div class=\"section-content relative\">\n\t\t\t\n\n<div class=\"row\"  id=\"row-623641022\">\n\n\n\t<div id=\"col-881970056\" class=\"col medium-7 small-12 large-5\"  >\n\t\t\t\t<div class=\"col-inner\"  >\n\t\t\t\n\t\t\t\n\n\n\t\t<\/div>\n\t\t\t\t\t<\/div>\n\n\t\n\n<\/div>\n\n\t\t<\/div>\n\n\t\t\n<style>\n#section_1270032577 {\n  padding-top: 30px;\n  padding-bottom: 30px;\n  min-height: 480px;\n  background-color: rgb(46, 125, 177);\n}\n#section_1270032577 .section-bg img {\n  object-position: 70% 17%;\n}\n<\/style>\n\t<\/section>\n\t\n\n\t<section class=\"section dark\" id=\"section_698677540\">\n\t\t<div class=\"section-bg fill\" >\n\t\t\t<img loading=\"lazy\" decoding=\"async\" width=\"2560\" height=\"1707\" src=\"https:\/\/blueheavenfinser.com\/es\/wp-content\/uploads\/sites\/3\/2025\/07\/banner2-scaled-1.jpg\" class=\"bg attachment- size-\" alt=\"\" \/>\t\t\t\t\t\t\n\t\t\t\n\t<div class=\"is-border\"\n\t\tstyle=\"border-color:rgb(111, 166, 212);border-width:0px 0px 20px 0px;\">\n\t<\/div>\n\n\t\t<\/div>\n\n\t\t\n\n\t\t<div class=\"section-content relative\">\n\t\t\t\n\n<div class=\"row\"  id=\"row-1971133025\">\n\n\n\t<div id=\"col-763206294\" class=\"col medium-7 small-12 large-5\"  >\n\t\t\t\t<div class=\"col-inner\"  >\n\t\t\t\n\t\t\t\n\n\n\t\t<\/div>\n\t\t\t\t\t<\/div>\n\n\t\n\n<\/div>\n\n\t\t<\/div>\n\n\t\t\n<style>\n#section_698677540 {\n  padding-top: 30px;\n  padding-bottom: 30px;\n  min-height: 480px;\n  background-color: rgb(46, 125, 177);\n}\n#section_698677540 .section-bg img {\n  object-position: 50% 13%;\n}\n<\/style>\n\t<\/section>\n\t\n\n\t<section class=\"section dark\" id=\"section_596906270\">\n\t\t<div class=\"section-bg fill\" >\n\t\t\t<img loading=\"lazy\" decoding=\"async\" width=\"2560\" height=\"1440\" src=\"https:\/\/blueheavenfinser.com\/es\/wp-content\/uploads\/sites\/3\/2025\/07\/banner3-scaled-1.jpg\" class=\"bg attachment- size-\" alt=\"\" \/>\t\t\t\t\t\t\n\t\t\t\n\t<div class=\"is-border\"\n\t\tstyle=\"border-color:rgb(111, 166, 212);border-width:0px 0px 20px 0px;\">\n\t<\/div>\n\n\t\t<\/div>\n\n\t\t\n\n\t\t<div class=\"section-content relative\">\n\t\t\t\n\n<div class=\"row\"  id=\"row-127792630\">\n\n\n\t<div id=\"col-1458090184\" class=\"col medium-7 small-12 large-5\"  >\n\t\t\t\t<div class=\"col-inner\"  >\n\t\t\t\n\t\t\t\n\n\n\t\t<\/div>\n\t\t\t\t\t<\/div>\n\n\t\n\n<\/div>\n\n\t\t<\/div>\n\n\t\t\n<style>\n#section_596906270 {\n  padding-top: 30px;\n  padding-bottom: 30px;\n  min-height: 480px;\n  background-color: rgb(46, 125, 177);\n}\n#section_596906270 .section-bg img {\n  object-position: 50% 13%;\n}\n<\/style>\n\t<\/section>\n\t\n\n     <\/div>\n\n     <div class=\"loading-spin dark large centered\"><\/div>\n\n\t<\/div>\n\n\n\n\t<section class=\"section\" id=\"section_822511154\">\n\t\t<div class=\"section-bg fill\" >\n\t\t\t\t\t\t\t\t\t\n\t\t\t\n\n\t\t<\/div>\n\n\t\t\n\n\t\t<div class=\"section-content relative\">\n\t\t\t\n\n<div class=\"row\"  id=\"row-1784031330\">\n\n\n\t<div id=\"col-1097134034\" class=\"col small-12 large-12\"  >\n\t\t\t\t<div class=\"col-inner\"  >\n\t\t\t\n\t\t\t\n\n<div class=\"row row-small row-box-shadow-1 row-box-shadow-4-hover\"  id=\"row-1000825165\">\n\n\n\t<div id=\"col-588725757\" class=\"col medium-6 small-12 large-3\"  >\n\t\t\t\t<div class=\"col-inner\"  >\n\t\t\t\n\t\t\t\n\n\n\t\t<div class=\"icon-box featured-box icon-box-center text-center\"  >\n\t\t\t\t<div class=\"icon-box-text last-reset\">\n\t\t\t\t\t\t\t\t\t\n\n\t<div class=\"img has-hover x md-x lg-x y md-y lg-y\" id=\"image_1990920406\">\n\t\t<a class=\"\" href=\"https:\/\/blueheavenfinser.com\/es\/informacion-general\/\" >\t\t\t\t\t\t<div class=\"img-inner image-cover dark\" style=\"padding-top:56.25%;\">\n\t\t\t<img loading=\"lazy\" decoding=\"async\" width=\"1020\" height=\"673\" src=\"https:\/\/blueheavenfinser.com\/es\/wp-content\/uploads\/sites\/3\/2025\/07\/general-information.jpg\" class=\"attachment-large size-large\" alt=\"\" srcset=\"https:\/\/blueheavenfinser.com\/es\/wp-content\/uploads\/sites\/3\/2025\/07\/general-information.jpg 1024w, https:\/\/blueheavenfinser.com\/es\/wp-content\/uploads\/sites\/3\/2025\/07\/general-information-300x198.jpg 300w, https:\/\/blueheavenfinser.com\/es\/wp-content\/uploads\/sites\/3\/2025\/07\/general-information-768x507.jpg 768w\" sizes=\"auto, (max-width: 1020px) 100vw, 1020px\" \/>\t\t\t\t\t\t\n\t\t\t\t\t<\/div>\n\t\t\t\t\t\t<\/a>\t\t\n<style>\n#image_1990920406 {\n  width: 100%;\n}\n<\/style>\n\t<\/div>\n\t\n\n\t<div id=\"text-964290234\" class=\"text\">\n\t\t\n\n<p>&nbsp;<\/p>\n<p><a href=\"https:\/\/blueheavenfinser.com\/es\/informacion-general\/\"><strong>INFORMACI\u00d3N GENERAL<\/strong><\/a><\/p>\n\t\t\n<style>\n#text-964290234 {\n  font-size: 0.75rem;\n  line-height: 1.1;\n  text-align: center;\n  color: rgb(26, 42, 134);\n}\n#text-964290234 > * {\n  color: rgb(26, 42, 134);\n}\n<\/style>\n\t<\/div>\n\t\n\n\t\t<\/div>\n\t<\/div>\n\t\n\t\n\n\t\t<\/div>\n\t\t\t\t\t<\/div>\n\n\t\n\n\t<div id=\"col-1329070205\" class=\"col medium-6 small-12 large-3\"  >\n\t\t\t\t<div class=\"col-inner\"  >\n\t\t\t\n\t\t\t\n\n\n\t\t<div class=\"icon-box featured-box icon-box-center text-center\"  >\n\t\t\t\t<div class=\"icon-box-text last-reset\">\n\t\t\t\t\t\t\t\t\t\n\n\t<div class=\"img has-hover x md-x lg-x y md-y lg-y\" id=\"image_1023748656\">\n\t\t<a class=\"\" href=\"https:\/\/blueheavenfinser.com\/es\/informacion-del-proyecto\/\" >\t\t\t\t\t\t<div class=\"img-inner image-cover dark\" style=\"padding-top:56.25%;\">\n\t\t\t<img loading=\"lazy\" decoding=\"async\" width=\"1020\" height=\"679\" src=\"https:\/\/blueheavenfinser.com\/es\/wp-content\/uploads\/sites\/3\/2025\/07\/project-information-1024x682.webp\" class=\"attachment-large size-large\" alt=\"\" srcset=\"https:\/\/blueheavenfinser.com\/es\/wp-content\/uploads\/sites\/3\/2025\/07\/project-information-1024x682.webp 1024w, https:\/\/blueheavenfinser.com\/es\/wp-content\/uploads\/sites\/3\/2025\/07\/project-information-300x200.webp 300w, https:\/\/blueheavenfinser.com\/es\/wp-content\/uploads\/sites\/3\/2025\/07\/project-information-768x512.webp 768w, https:\/\/blueheavenfinser.com\/es\/wp-content\/uploads\/sites\/3\/2025\/07\/project-information-1536x1023.webp 1536w, https:\/\/blueheavenfinser.com\/es\/wp-content\/uploads\/sites\/3\/2025\/07\/project-information.webp 1920w\" sizes=\"auto, (max-width: 1020px) 100vw, 1020px\" \/>\t\t\t\t\t\t\n\t\t\t\t\t<\/div>\n\t\t\t\t\t\t<\/a>\t\t\n<style>\n#image_1023748656 {\n  width: 100%;\n}\n<\/style>\n\t<\/div>\n\t\n\n\t<div id=\"text-2910165758\" class=\"text\">\n\t\t\n\n<p>&nbsp;<\/p>\n<p><a href=\"https:\/\/blueheavenfinser.com\/es\/informacion-del-proyecto\/\"><strong>INFORMACI\u00d3N DEL PROYECTO<\/strong><\/a><\/p>\n\t\t\n<style>\n#text-2910165758 {\n  font-size: 0.75rem;\n  line-height: 1.1;\n  text-align: center;\n  color: rgb(26, 42, 134);\n}\n#text-2910165758 > * {\n  color: rgb(26, 42, 134);\n}\n<\/style>\n\t<\/div>\n\t\n\n\t\t<\/div>\n\t<\/div>\n\t\n\t\n\n\t\t<\/div>\n\t\t\t\t\t<\/div>\n\n\t\n\n\t<div id=\"col-420203829\" class=\"col medium-6 small-12 large-3\"  >\n\t\t\t\t<div class=\"col-inner\"  >\n\t\t\t\n\t\t\t\n\n\n\t\t<div class=\"icon-box featured-box icon-box-center text-center\"  >\n\t\t\t\t<div class=\"icon-box-text last-reset\">\n\t\t\t\t\t\t\t\t\t\n\n\t<div class=\"img has-hover x md-x lg-x y md-y lg-y\" id=\"image_480636976\">\n\t\t<a class=\"\" href=\"https:\/\/blueheavenfinser.com\/es\/agentes-y-representantes\/\" >\t\t\t\t\t\t<div class=\"img-inner image-cover dark\" style=\"padding-top:56.25%;\">\n\t\t\t<img loading=\"lazy\" decoding=\"async\" width=\"1020\" height=\"551\" src=\"https:\/\/blueheavenfinser.com\/es\/wp-content\/uploads\/sites\/3\/2025\/07\/agents-and-representatives-1024x553.jpeg\" class=\"attachment-large size-large\" alt=\"\" srcset=\"https:\/\/blueheavenfinser.com\/es\/wp-content\/uploads\/sites\/3\/2025\/07\/agents-and-representatives-1024x553.jpeg 1024w, https:\/\/blueheavenfinser.com\/es\/wp-content\/uploads\/sites\/3\/2025\/07\/agents-and-representatives-300x162.jpeg 300w, https:\/\/blueheavenfinser.com\/es\/wp-content\/uploads\/sites\/3\/2025\/07\/agents-and-representatives-768x415.jpeg 768w, https:\/\/blueheavenfinser.com\/es\/wp-content\/uploads\/sites\/3\/2025\/07\/agents-and-representatives.jpeg 1280w\" sizes=\"auto, (max-width: 1020px) 100vw, 1020px\" \/>\t\t\t\t\t\t\n\t\t\t\t\t<\/div>\n\t\t\t\t\t\t<\/a>\t\t\n<style>\n#image_480636976 {\n  width: 100%;\n}\n<\/style>\n\t<\/div>\n\t\n\n\t<div id=\"text-4168271230\" class=\"text\">\n\t\t\n\n<p>&nbsp;<\/p>\n<p><a href=\"https:\/\/blueheavenfinser.com\/es\/agentes-y-representantes\/\"><strong>AGENTES Y REPRESENTANTES<\/strong><\/a><\/p>\n\t\t\n<style>\n#text-4168271230 {\n  font-size: 0.75rem;\n  line-height: 1.1;\n  text-align: center;\n  color: rgb(26, 42, 134);\n}\n#text-4168271230 > * {\n  color: rgb(26, 42, 134);\n}\n<\/style>\n\t<\/div>\n\t\n\n\t\t<\/div>\n\t<\/div>\n\t\n\t\n\n\t\t<\/div>\n\t\t\t\t\t<\/div>\n\n\t\n\n\t<div id=\"col-580179538\" class=\"col medium-6 small-12 large-3\"  >\n\t\t\t\t<div class=\"col-inner\"  >\n\t\t\t\n\t\t\t\n\n\n\t\t<div class=\"icon-box featured-box icon-box-center text-center\"  >\n\t\t\t\t<div class=\"icon-box-text last-reset\">\n\t\t\t\t\t\t\t\t\t\n\n\t<div class=\"img has-hover x md-x lg-x y md-y lg-y\" id=\"image_818728342\">\n\t\t<a class=\"\" href=\"https:\/\/blueheavenfinser.com\/es\/requerimientos\/\" >\t\t\t\t\t\t<div class=\"img-inner image-cover dark\" style=\"padding-top:56.25%;\">\n\t\t\t<img loading=\"lazy\" decoding=\"async\" width=\"1020\" height=\"680\" src=\"https:\/\/blueheavenfinser.com\/es\/wp-content\/uploads\/sites\/3\/2025\/07\/requirements-1024x683.jpg\" class=\"attachment-large size-large\" alt=\"\" srcset=\"https:\/\/blueheavenfinser.com\/es\/wp-content\/uploads\/sites\/3\/2025\/07\/requirements-1024x683.jpg 1024w, https:\/\/blueheavenfinser.com\/es\/wp-content\/uploads\/sites\/3\/2025\/07\/requirements-300x200.jpg 300w, https:\/\/blueheavenfinser.com\/es\/wp-content\/uploads\/sites\/3\/2025\/07\/requirements-768x512.jpg 768w, https:\/\/blueheavenfinser.com\/es\/wp-content\/uploads\/sites\/3\/2025\/07\/requirements-1536x1024.jpg 1536w, https:\/\/blueheavenfinser.com\/es\/wp-content\/uploads\/sites\/3\/2025\/07\/requirements-2048x1366.jpg 2048w\" sizes=\"auto, (max-width: 1020px) 100vw, 1020px\" \/>\t\t\t\t\t\t\n\t\t\t\t\t<\/div>\n\t\t\t\t\t\t<\/a>\t\t\n<style>\n#image_818728342 {\n  width: 100%;\n}\n<\/style>\n\t<\/div>\n\t\n\n\t<div id=\"text-4020665258\" class=\"text\">\n\t\t\n\n<p>&nbsp;<\/p>\n<p><a href=\"https:\/\/blueheavenfinser.com\/es\/requerimientos\/\"><b>REQUERIMIENTOS<\/b><\/a><\/p>\n\t\t\n<style>\n#text-4020665258 {\n  font-size: 0.75rem;\n  line-height: 1.1;\n  text-align: center;\n  color: rgb(26, 42, 134);\n}\n#text-4020665258 > * {\n  color: rgb(26, 42, 134);\n}\n<\/style>\n\t<\/div>\n\t\n\n\t\t<\/div>\n\t<\/div>\n\t\n\t\n\n\t\t<\/div>\n\t\t\t\t\t<\/div>\n\n\t\n\n\n<style>\n#row-1000825165 > .col > .col-inner {\n  padding: 30px 30px 30px 30px;\n  background-color: rgb(255,255,255);\n}\n<\/style>\n<\/div>\n\n\t\t<\/div>\n\t\t\t\t\n<style>\n#col-1097134034 > .col-inner {\n  margin: -100px 0px 0px 0px;\n}\n<\/style>\n\t<\/div>\n\n\t\n\n<\/div>\n<div class=\"text-center\"><div class=\"is-divider divider clearfix\" style=\"max-width:500px;\"><\/div><\/div>\n\n\n\t\t<\/div>\n\n\t\t\n<style>\n#section_822511154 {\n  padding-top: 30px;\n  padding-bottom: 30px;\n  background-color: rgb(255, 255, 255);\n}\n<\/style>\n\t<\/section>\n\t\n\n\t<section class=\"section\" id=\"section_441398821\">\n\t\t<div class=\"section-bg fill\" >\n\t\t\t\t\t\t\t\t\t<div class=\"section-bg-overlay absolute fill\"><\/div>\n\t\t\t\n\n\t\t<\/div>\n\n\t\t\n\n\t\t<div class=\"section-content relative\">\n\t\t\t\n\n<div class=\"row row-large align-middle\"  id=\"row-540747374\">\n\n\n\t<div id=\"col-1354651347\" class=\"col medium-4 small-12 large-4\"  >\n\t\t\t\t<div class=\"col-inner\"  >\n\t\t\t\n\t\t\t\n\n<div class=\"container section-title-container\" ><h3 class=\"section-title section-title-normal\"><b><\/b><span class=\"section-title-main\" style=\"color:rgb(26, 42, 134);\">AGENTES Y REPRESENTANTES<\/span><b><\/b><\/h3><\/div>\n\n\t<div class=\"img has-hover x md-x lg-x y md-y lg-y\" id=\"image_1622655875\">\n\t\t\t\t\t\t\t\t<div class=\"img-inner dark\" >\n\t\t\t<img loading=\"lazy\" decoding=\"async\" width=\"1020\" height=\"474\" src=\"https:\/\/blueheavenfinser.com\/es\/wp-content\/uploads\/sites\/3\/2025\/07\/PDF_2-e1752552827448-1024x476.jpg\" class=\"attachment-large size-large\" alt=\"\" srcset=\"https:\/\/blueheavenfinser.com\/es\/wp-content\/uploads\/sites\/3\/2025\/07\/PDF_2-e1752552827448-1024x476.jpg 1024w, https:\/\/blueheavenfinser.com\/es\/wp-content\/uploads\/sites\/3\/2025\/07\/PDF_2-e1752552827448-300x139.jpg 300w, https:\/\/blueheavenfinser.com\/es\/wp-content\/uploads\/sites\/3\/2025\/07\/PDF_2-e1752552827448-768x357.jpg 768w, https:\/\/blueheavenfinser.com\/es\/wp-content\/uploads\/sites\/3\/2025\/07\/PDF_2-e1752552827448-1536x714.jpg 1536w, https:\/\/blueheavenfinser.com\/es\/wp-content\/uploads\/sites\/3\/2025\/07\/PDF_2-e1752552827448-2048x952.jpg 2048w\" sizes=\"auto, (max-width: 1020px) 100vw, 1020px\" \/>\t\t\t\t\t\t\n\t\t\t\t\t<\/div>\n\t\t\t\t\t\t\t\t\n<style>\n#image_1622655875 {\n  width: 100%;\n}\n<\/style>\n\t<\/div>\n\t\n\n\t<div class=\"img has-hover x md-x lg-x y md-y lg-y\" id=\"image_1530460671\">\n\t\t\t\t\t\t\t\t<div class=\"img-inner dark\" >\n\t\t\t<img loading=\"lazy\" decoding=\"async\" width=\"460\" height=\"246\" src=\"https:\/\/blueheavenfinser.com\/es\/wp-content\/uploads\/sites\/3\/2025\/07\/1381226555401695-e1752552873280.jpg\" class=\"attachment-large size-large\" alt=\"\" srcset=\"https:\/\/blueheavenfinser.com\/es\/wp-content\/uploads\/sites\/3\/2025\/07\/1381226555401695-e1752552873280.jpg 460w, https:\/\/blueheavenfinser.com\/es\/wp-content\/uploads\/sites\/3\/2025\/07\/1381226555401695-e1752552873280-300x160.jpg 300w\" sizes=\"auto, (max-width: 460px) 100vw, 460px\" \/>\t\t\t\t\t\t\n\t\t\t\t\t<\/div>\n\t\t\t\t\t\t\t\t\n<style>\n#image_1530460671 {\n  width: 100%;\n}\n<\/style>\n\t<\/div>\n\t\n\n\n\t\t<\/div>\n\t\t\t\t\t<\/div>\n\n\t\n\n\t<div id=\"col-898373776\" class=\"col medium-8 small-12 large-8\"  >\n\t\t\t\t<div class=\"col-inner text-left\"  >\n\t\t\t\n\t\t\t\n\n\t<div id=\"text-217222622\" class=\"text\">\n\t\t\n\n<p class=\"textogris\" align=\"justify\">Estamos siempre evaluando a m\u00e1s agentes con el envio de su curriculum vitae tenemos una red de representantes en los distintos continentes quienes representan nuestros servicios estando en evaluaci\u00f3n constante de los mismos para guiar a nuestros clientes a lograr sus objetivos.<\/p>\n<p class=\"textogris\" align=\"justify\">Como representantes se convierten en nuestros mejores portadores de nuestro servicio y asi forman un equipo y de manera coordinada. Se gu\u00eda al cliente para el \u00e9xito de la operacion que referencien a nuestra corporaci\u00f3n.<\/p>\n<p class=\"textogris\" align=\"justify\">Ofrecemos incentivos econ\u00f3micos para nuestros representantes quienes obtienen utilidades en el \u00e9xito del desembolso. Sometemos los requisitos del perfil profesional de nuestros representantes para la pulcridad y profesionalismo del servicio, y asi obtener a traves de ellos como representantes ser la gu\u00eda del proceso. Calificando para hacerlos los mejores en el rubro financiero y conocimiento de finanzas en el sector regional desde el cual sean nuestros agentes financieros de servicios.<\/p>\n<p class=\"textogris\" align=\"justify\">Cuentan con nuestra credencial que los acredita como nuestros representantes y de manera transparente la confidencialidad de datos entregados para estudio de aprobaci\u00f3n del proyecto, formalidad de documentos, firma de los mismos y todos los procesos, hasta el final del \u00e9xito de la operaci\u00f3n en la obtenci\u00f3n de los colaterales al pr\u00e9stamo solicitado.<\/p>\n\t\t\n<style>\n#text-217222622 {\n  font-size: 0.9rem;\n}\n<\/style>\n\t<\/div>\n\t\n\n\t\t<\/div>\n\t\t\t\t\t<\/div>\n\n\t\n\n<\/div>\n\n\t\t<\/div>\n\n\t\t\n<style>\n#section_441398821 {\n  padding-top: 60px;\n  padding-bottom: 60px;\n  background-color: rgb(255, 249, 249);\n}\n#section_441398821 .section-bg-overlay {\n  background-color: rgba(255, 255, 255, 0.85);\n}\n<\/style>\n\t<\/section>\n\t\n","protected":false},"excerpt":{"rendered":"","protected":false},"author":1,"featured_media":0,"parent":0,"menu_order":0,"comment_status":"closed","ping_status":"closed","template":"","meta":{"footnotes":""},"class_list":["post-21","page","type-page","status-publish","hentry"],"_links":{"self":[{"href":"https:\/\/blueheavenfinser.com\/es\/wp-json\/wp\/v2\/pages\/21","targetHints":{"allow":["GET"]}}],"collection":[{"href":"https:\/\/blueheavenfinser.com\/es\/wp-json\/wp\/v2\/pages"}],"about":[{"href":"https:\/\/blueheavenfinser.com\/es\/wp-json\/wp\/v2\/types\/page"}],"author":[{"embeddable":true,"href":"https:\/\/blueheavenfinser.com\/es\/wp-json\/wp\/v2\/users\/1"}],"replies":[{"embeddable":true,"href":"https:\/\/blueheavenfinser.com\/es\/wp-json\/wp\/v2\/comments?post=21"}],"version-history":[{"count":3,"href":"https:\/\/blueheavenfinser.com\/es\/wp-json\/wp\/v2\/pages\/21\/revisions"}],"predecessor-version":[{"id":90,"href":"https:\/\/blueheavenfinser.com\/es\/wp-json\/wp\/v2\/pages\/21\/revisions\/90"}],"wp:attachment":[{"href":"https:\/\/blueheavenfinser.com\/es\/wp-json\/wp\/v2\/media?parent=21"}],"curies":[{"name":"wp","href":"https:\/\/api.w.org\/{rel}","templated":true}]}}