{"id":23,"date":"2025-07-17T17:01:43","date_gmt":"2025-07-17T17:01:43","guid":{"rendered":"https:\/\/blueheavenfinser.com\/es\/?page_id=23"},"modified":"2025-07-18T05:03:23","modified_gmt":"2025-07-18T05:03:23","slug":"requerimientos","status":"publish","type":"page","link":"https:\/\/blueheavenfinser.com\/es\/requerimientos\/","title":{"rendered":"Requerimientos"},"content":{"rendered":"\n<div class=\"slider-wrapper relative\" id=\"slider-289857106\" style=\"background-color:rgb(46, 125, 177);\">\n    <div class=\"slider slider-nav-simple slider-nav-large slider-nav-light slider-nav-outside slider-style-normal slider-show-nav\"\n        data-flickity-options='{\n            \"cellAlign\": \"center\",\n            \"imagesLoaded\": true,\n            \"lazyLoad\": 1,\n            \"freeScroll\": false,\n            \"wrapAround\": true,\n            \"autoPlay\": 3000,\n            \"pauseAutoPlayOnHover\" : false,\n            \"prevNextButtons\": true,\n            \"contain\" : true,\n            \"adaptiveHeight\" : true,\n            \"dragThreshold\" : 10,\n            \"percentPosition\": true,\n            \"pageDots\": false,\n            \"rightToLeft\": false,\n            \"draggable\": true,\n            \"selectedAttraction\": 0.1,\n            \"parallax\" : 0,\n            \"friction\": 0.6        }'\n        >\n        \n\n\n\t<section class=\"section\" id=\"section_1661935344\">\n\t\t<div class=\"section-bg fill\" >\n\t\t\t<img loading=\"lazy\" decoding=\"async\" width=\"2560\" height=\"1708\" src=\"https:\/\/blueheavenfinser.com\/es\/wp-content\/uploads\/sites\/3\/2025\/07\/banner1-scaled-1.jpg\" class=\"bg attachment- size-\" alt=\"\" \/>\t\t\t\t\t\t\n\t\t\t\n\t<div class=\"is-border\"\n\t\tstyle=\"border-color:rgb(111, 166, 212);border-width:0px 0px 20px 0px;\">\n\t<\/div>\n\n\t\t<\/div>\n\n\t\t\n\n\t\t<div class=\"section-content relative\">\n\t\t\t\n\n<div class=\"row\"  id=\"row-5655871\">\n\n\n\t<div id=\"col-930278569\" class=\"col medium-7 small-12 large-5\"  >\n\t\t\t\t<div class=\"col-inner\"  >\n\t\t\t\n\t\t\t\n\n\n\t\t<\/div>\n\t\t\t\t\t<\/div>\n\n\t\n\n<\/div>\n\n\t\t<\/div>\n\n\t\t\n<style>\n#section_1661935344 {\n  padding-top: 30px;\n  padding-bottom: 30px;\n  min-height: 480px;\n  background-color: rgb(46, 125, 177);\n}\n#section_1661935344 .section-bg img {\n  object-position: 70% 17%;\n}\n<\/style>\n\t<\/section>\n\t\n\n\t<section class=\"section dark\" id=\"section_302995836\">\n\t\t<div class=\"section-bg fill\" >\n\t\t\t<img loading=\"lazy\" decoding=\"async\" width=\"2560\" height=\"1707\" src=\"https:\/\/blueheavenfinser.com\/es\/wp-content\/uploads\/sites\/3\/2025\/07\/banner2-scaled-1.jpg\" class=\"bg attachment- size-\" alt=\"\" \/>\t\t\t\t\t\t\n\t\t\t\n\t<div class=\"is-border\"\n\t\tstyle=\"border-color:rgb(111, 166, 212);border-width:0px 0px 20px 0px;\">\n\t<\/div>\n\n\t\t<\/div>\n\n\t\t\n\n\t\t<div class=\"section-content relative\">\n\t\t\t\n\n<div class=\"row\"  id=\"row-1192902157\">\n\n\n\t<div id=\"col-1356117632\" class=\"col medium-7 small-12 large-5\"  >\n\t\t\t\t<div class=\"col-inner\"  >\n\t\t\t\n\t\t\t\n\n\n\t\t<\/div>\n\t\t\t\t\t<\/div>\n\n\t\n\n<\/div>\n\n\t\t<\/div>\n\n\t\t\n<style>\n#section_302995836 {\n  padding-top: 30px;\n  padding-bottom: 30px;\n  min-height: 480px;\n  background-color: rgb(46, 125, 177);\n}\n#section_302995836 .section-bg img {\n  object-position: 50% 13%;\n}\n<\/style>\n\t<\/section>\n\t\n\n\t<section class=\"section dark\" id=\"section_1051635677\">\n\t\t<div class=\"section-bg fill\" >\n\t\t\t<img loading=\"lazy\" decoding=\"async\" width=\"2560\" height=\"1440\" src=\"https:\/\/blueheavenfinser.com\/es\/wp-content\/uploads\/sites\/3\/2025\/07\/banner3-scaled-1.jpg\" class=\"bg attachment- size-\" alt=\"\" \/>\t\t\t\t\t\t\n\t\t\t\n\t<div class=\"is-border\"\n\t\tstyle=\"border-color:rgb(111, 166, 212);border-width:0px 0px 20px 0px;\">\n\t<\/div>\n\n\t\t<\/div>\n\n\t\t\n\n\t\t<div class=\"section-content relative\">\n\t\t\t\n\n<div class=\"row\"  id=\"row-1428800142\">\n\n\n\t<div id=\"col-2028175919\" class=\"col medium-7 small-12 large-5\"  >\n\t\t\t\t<div class=\"col-inner\"  >\n\t\t\t\n\t\t\t\n\n\n\t\t<\/div>\n\t\t\t\t\t<\/div>\n\n\t\n\n<\/div>\n\n\t\t<\/div>\n\n\t\t\n<style>\n#section_1051635677 {\n  padding-top: 30px;\n  padding-bottom: 30px;\n  min-height: 480px;\n  background-color: rgb(46, 125, 177);\n}\n#section_1051635677 .section-bg img {\n  object-position: 50% 13%;\n}\n<\/style>\n\t<\/section>\n\t\n\n     <\/div>\n\n     <div class=\"loading-spin dark large centered\"><\/div>\n\n\t<\/div>\n\n\n\n\t<section class=\"section\" id=\"section_1527978062\">\n\t\t<div class=\"section-bg fill\" >\n\t\t\t\t\t\t\t\t\t\n\t\t\t\n\n\t\t<\/div>\n\n\t\t\n\n\t\t<div class=\"section-content relative\">\n\t\t\t\n\n<div class=\"row\"  id=\"row-1177483494\">\n\n\n\t<div id=\"col-62267139\" class=\"col small-12 large-12\"  >\n\t\t\t\t<div class=\"col-inner\"  >\n\t\t\t\n\t\t\t\n\n<div class=\"row row-small row-box-shadow-1 row-box-shadow-4-hover\"  id=\"row-1088562752\">\n\n\n\t<div id=\"col-1249585378\" class=\"col medium-6 small-12 large-3\"  >\n\t\t\t\t<div class=\"col-inner\"  >\n\t\t\t\n\t\t\t\n\n\n\t\t<div class=\"icon-box featured-box icon-box-center text-center\"  >\n\t\t\t\t<div class=\"icon-box-text last-reset\">\n\t\t\t\t\t\t\t\t\t\n\n\t<div class=\"img has-hover x md-x lg-x y md-y lg-y\" id=\"image_1760406858\">\n\t\t<a class=\"\" href=\"https:\/\/blueheavenfinser.com\/es\/informacion-general\/\" >\t\t\t\t\t\t<div class=\"img-inner image-cover dark\" style=\"padding-top:56.25%;\">\n\t\t\t<img loading=\"lazy\" decoding=\"async\" width=\"1020\" height=\"673\" src=\"https:\/\/blueheavenfinser.com\/es\/wp-content\/uploads\/sites\/3\/2025\/07\/general-information.jpg\" class=\"attachment-large size-large\" alt=\"\" srcset=\"https:\/\/blueheavenfinser.com\/es\/wp-content\/uploads\/sites\/3\/2025\/07\/general-information.jpg 1024w, https:\/\/blueheavenfinser.com\/es\/wp-content\/uploads\/sites\/3\/2025\/07\/general-information-300x198.jpg 300w, https:\/\/blueheavenfinser.com\/es\/wp-content\/uploads\/sites\/3\/2025\/07\/general-information-768x507.jpg 768w\" sizes=\"auto, (max-width: 1020px) 100vw, 1020px\" \/>\t\t\t\t\t\t\n\t\t\t\t\t<\/div>\n\t\t\t\t\t\t<\/a>\t\t\n<style>\n#image_1760406858 {\n  width: 100%;\n}\n<\/style>\n\t<\/div>\n\t\n\n\t<div id=\"text-2097055051\" class=\"text\">\n\t\t\n\n<p>&nbsp;<\/p>\n<p><a href=\"https:\/\/blueheavenfinser.com\/es\/informacion-general\/\"><strong>INFORMACI\u00d3N GENERAL<\/strong><\/a><\/p>\n\t\t\n<style>\n#text-2097055051 {\n  font-size: 0.75rem;\n  line-height: 1.1;\n  text-align: center;\n  color: rgb(26, 42, 134);\n}\n#text-2097055051 > * {\n  color: rgb(26, 42, 134);\n}\n<\/style>\n\t<\/div>\n\t\n\n\t\t<\/div>\n\t<\/div>\n\t\n\t\n\n\t\t<\/div>\n\t\t\t\t\t<\/div>\n\n\t\n\n\t<div id=\"col-1116565571\" class=\"col medium-6 small-12 large-3\"  >\n\t\t\t\t<div class=\"col-inner\"  >\n\t\t\t\n\t\t\t\n\n\n\t\t<div class=\"icon-box featured-box icon-box-center text-center\"  >\n\t\t\t\t<div class=\"icon-box-text last-reset\">\n\t\t\t\t\t\t\t\t\t\n\n\t<div class=\"img has-hover x md-x lg-x y md-y lg-y\" id=\"image_1973854860\">\n\t\t<a class=\"\" href=\"https:\/\/blueheavenfinser.com\/es\/informacion-del-proyecto\/\" >\t\t\t\t\t\t<div class=\"img-inner image-cover dark\" style=\"padding-top:56.25%;\">\n\t\t\t<img loading=\"lazy\" decoding=\"async\" width=\"1020\" height=\"679\" src=\"https:\/\/blueheavenfinser.com\/es\/wp-content\/uploads\/sites\/3\/2025\/07\/project-information-1024x682.webp\" class=\"attachment-large size-large\" alt=\"\" srcset=\"https:\/\/blueheavenfinser.com\/es\/wp-content\/uploads\/sites\/3\/2025\/07\/project-information-1024x682.webp 1024w, https:\/\/blueheavenfinser.com\/es\/wp-content\/uploads\/sites\/3\/2025\/07\/project-information-300x200.webp 300w, https:\/\/blueheavenfinser.com\/es\/wp-content\/uploads\/sites\/3\/2025\/07\/project-information-768x512.webp 768w, https:\/\/blueheavenfinser.com\/es\/wp-content\/uploads\/sites\/3\/2025\/07\/project-information-1536x1023.webp 1536w, https:\/\/blueheavenfinser.com\/es\/wp-content\/uploads\/sites\/3\/2025\/07\/project-information.webp 1920w\" sizes=\"auto, (max-width: 1020px) 100vw, 1020px\" \/>\t\t\t\t\t\t\n\t\t\t\t\t<\/div>\n\t\t\t\t\t\t<\/a>\t\t\n<style>\n#image_1973854860 {\n  width: 100%;\n}\n<\/style>\n\t<\/div>\n\t\n\n\t<div id=\"text-674515648\" class=\"text\">\n\t\t\n\n<p>&nbsp;<\/p>\n<p><a href=\"https:\/\/blueheavenfinser.com\/es\/informacion-del-proyecto\/\"><strong>INFORMACI\u00d3N DEL PROYECTO<\/strong><\/a><\/p>\n\t\t\n<style>\n#text-674515648 {\n  font-size: 0.75rem;\n  line-height: 1.1;\n  text-align: center;\n  color: rgb(26, 42, 134);\n}\n#text-674515648 > * {\n  color: rgb(26, 42, 134);\n}\n<\/style>\n\t<\/div>\n\t\n\n\t\t<\/div>\n\t<\/div>\n\t\n\t\n\n\t\t<\/div>\n\t\t\t\t\t<\/div>\n\n\t\n\n\t<div id=\"col-2911309\" class=\"col medium-6 small-12 large-3\"  >\n\t\t\t\t<div class=\"col-inner\"  >\n\t\t\t\n\t\t\t\n\n\n\t\t<div class=\"icon-box featured-box icon-box-center text-center\"  >\n\t\t\t\t<div class=\"icon-box-text last-reset\">\n\t\t\t\t\t\t\t\t\t\n\n\t<div class=\"img has-hover x md-x lg-x y md-y lg-y\" id=\"image_1963112198\">\n\t\t<a class=\"\" href=\"https:\/\/blueheavenfinser.com\/es\/agentes-y-representantes\/\" >\t\t\t\t\t\t<div class=\"img-inner image-cover dark\" style=\"padding-top:56.25%;\">\n\t\t\t<img loading=\"lazy\" decoding=\"async\" width=\"1020\" height=\"551\" src=\"https:\/\/blueheavenfinser.com\/es\/wp-content\/uploads\/sites\/3\/2025\/07\/agents-and-representatives-1024x553.jpeg\" class=\"attachment-large size-large\" alt=\"\" srcset=\"https:\/\/blueheavenfinser.com\/es\/wp-content\/uploads\/sites\/3\/2025\/07\/agents-and-representatives-1024x553.jpeg 1024w, https:\/\/blueheavenfinser.com\/es\/wp-content\/uploads\/sites\/3\/2025\/07\/agents-and-representatives-300x162.jpeg 300w, https:\/\/blueheavenfinser.com\/es\/wp-content\/uploads\/sites\/3\/2025\/07\/agents-and-representatives-768x415.jpeg 768w, https:\/\/blueheavenfinser.com\/es\/wp-content\/uploads\/sites\/3\/2025\/07\/agents-and-representatives.jpeg 1280w\" sizes=\"auto, (max-width: 1020px) 100vw, 1020px\" \/>\t\t\t\t\t\t\n\t\t\t\t\t<\/div>\n\t\t\t\t\t\t<\/a>\t\t\n<style>\n#image_1963112198 {\n  width: 100%;\n}\n<\/style>\n\t<\/div>\n\t\n\n\t<div id=\"text-4273431499\" class=\"text\">\n\t\t\n\n<p>&nbsp;<\/p>\n<p><a href=\"https:\/\/blueheavenfinser.com\/es\/agentes-y-representantes\/\"><strong>AGENTES Y REPRESENTANTES<\/strong><\/a><\/p>\n\t\t\n<style>\n#text-4273431499 {\n  font-size: 0.75rem;\n  line-height: 1.1;\n  text-align: center;\n  color: rgb(26, 42, 134);\n}\n#text-4273431499 > * {\n  color: rgb(26, 42, 134);\n}\n<\/style>\n\t<\/div>\n\t\n\n\t\t<\/div>\n\t<\/div>\n\t\n\t\n\n\t\t<\/div>\n\t\t\t\t\t<\/div>\n\n\t\n\n\t<div id=\"col-1889274731\" class=\"col medium-6 small-12 large-3\"  >\n\t\t\t\t<div class=\"col-inner\"  >\n\t\t\t\n\t\t\t\n\n\n\t\t<div class=\"icon-box featured-box icon-box-center text-center\"  >\n\t\t\t\t<div class=\"icon-box-text last-reset\">\n\t\t\t\t\t\t\t\t\t\n\n\t<div class=\"img has-hover x md-x lg-x y md-y lg-y\" id=\"image_1121445633\">\n\t\t<a class=\"\" href=\"https:\/\/blueheavenfinser.com\/es\/requerimientos\/\" >\t\t\t\t\t\t<div class=\"img-inner image-cover dark\" style=\"padding-top:56.25%;\">\n\t\t\t<img loading=\"lazy\" decoding=\"async\" width=\"1020\" height=\"680\" src=\"https:\/\/blueheavenfinser.com\/es\/wp-content\/uploads\/sites\/3\/2025\/07\/requirements-1024x683.jpg\" class=\"attachment-large size-large\" alt=\"\" srcset=\"https:\/\/blueheavenfinser.com\/es\/wp-content\/uploads\/sites\/3\/2025\/07\/requirements-1024x683.jpg 1024w, https:\/\/blueheavenfinser.com\/es\/wp-content\/uploads\/sites\/3\/2025\/07\/requirements-300x200.jpg 300w, https:\/\/blueheavenfinser.com\/es\/wp-content\/uploads\/sites\/3\/2025\/07\/requirements-768x512.jpg 768w, https:\/\/blueheavenfinser.com\/es\/wp-content\/uploads\/sites\/3\/2025\/07\/requirements-1536x1024.jpg 1536w, https:\/\/blueheavenfinser.com\/es\/wp-content\/uploads\/sites\/3\/2025\/07\/requirements-2048x1366.jpg 2048w\" sizes=\"auto, (max-width: 1020px) 100vw, 1020px\" \/>\t\t\t\t\t\t\n\t\t\t\t\t<\/div>\n\t\t\t\t\t\t<\/a>\t\t\n<style>\n#image_1121445633 {\n  width: 100%;\n}\n<\/style>\n\t<\/div>\n\t\n\n\t<div id=\"text-900979352\" class=\"text\">\n\t\t\n\n<p>&nbsp;<\/p>\n<p><a href=\"https:\/\/blueheavenfinser.com\/es\/requerimientos\/\"><b>REQUERIMIENTOS<\/b><\/a><\/p>\n\t\t\n<style>\n#text-900979352 {\n  font-size: 0.75rem;\n  line-height: 1.1;\n  text-align: center;\n  color: rgb(26, 42, 134);\n}\n#text-900979352 > * {\n  color: rgb(26, 42, 134);\n}\n<\/style>\n\t<\/div>\n\t\n\n\t\t<\/div>\n\t<\/div>\n\t\n\t\n\n\t\t<\/div>\n\t\t\t\t\t<\/div>\n\n\t\n\n\n<style>\n#row-1088562752 > .col > .col-inner {\n  padding: 30px 30px 30px 30px;\n  background-color: rgb(255,255,255);\n}\n<\/style>\n<\/div>\n\n\t\t<\/div>\n\t\t\t\t\n<style>\n#col-62267139 > .col-inner {\n  margin: -100px 0px 0px 0px;\n}\n<\/style>\n\t<\/div>\n\n\t\n\n<\/div>\n<div class=\"text-center\"><div class=\"is-divider divider clearfix\" style=\"max-width:500px;\"><\/div><\/div>\n\n\n\t\t<\/div>\n\n\t\t\n<style>\n#section_1527978062 {\n  padding-top: 30px;\n  padding-bottom: 30px;\n  background-color: rgb(255, 255, 255);\n}\n<\/style>\n\t<\/section>\n\t\n\n\t<section class=\"section\" id=\"section_2071442278\">\n\t\t<div class=\"section-bg fill\" >\n\t\t\t\t\t\t\t\t\t<div class=\"section-bg-overlay absolute fill\"><\/div>\n\t\t\t\n\n\t\t<\/div>\n\n\t\t\n\n\t\t<div class=\"section-content relative\">\n\t\t\t\n\n<div class=\"row row-large align-middle\"  id=\"row-1847782524\">\n\n\n\t<div id=\"col-2111808927\" class=\"col medium-4 small-12 large-4\"  >\n\t\t\t\t<div class=\"col-inner\"  >\n\t\t\t\n\t\t\t\n\n<div class=\"container section-title-container\" ><h3 class=\"section-title section-title-normal\"><b><\/b><span class=\"section-title-main\" style=\"color:rgb(26, 42, 134);\">REQUERIMIENTOS<\/span><b><\/b><\/h3><\/div>\n\n\t<div class=\"img has-hover x md-x lg-x y md-y lg-y\" id=\"image_1496962502\">\n\t\t\t\t\t\t\t\t<div class=\"img-inner dark\" >\n\t\t\t<img loading=\"lazy\" decoding=\"async\" width=\"300\" height=\"145\" src=\"https:\/\/blueheavenfinser.com\/es\/wp-content\/uploads\/sites\/3\/2025\/07\/images-1-e1752553059705.jpeg\" class=\"attachment-large size-large\" alt=\"\" \/>\t\t\t\t\t\t\n\t\t\t\t\t<\/div>\n\t\t\t\t\t\t\t\t\n<style>\n#image_1496962502 {\n  width: 100%;\n}\n<\/style>\n\t<\/div>\n\t\n\n\t<div class=\"img has-hover x md-x lg-x y md-y lg-y\" id=\"image_639077031\">\n\t\t\t\t\t\t\t\t<div class=\"img-inner dark\" >\n\t\t\t<img loading=\"lazy\" decoding=\"async\" width=\"600\" height=\"280\" src=\"https:\/\/blueheavenfinser.com\/es\/wp-content\/uploads\/sites\/3\/2025\/07\/13062013b-1-e1752552625889.jpg\" class=\"attachment-large size-large\" alt=\"\" srcset=\"https:\/\/blueheavenfinser.com\/es\/wp-content\/uploads\/sites\/3\/2025\/07\/13062013b-1-e1752552625889.jpg 600w, https:\/\/blueheavenfinser.com\/es\/wp-content\/uploads\/sites\/3\/2025\/07\/13062013b-1-e1752552625889-300x140.jpg 300w\" sizes=\"auto, (max-width: 600px) 100vw, 600px\" \/>\t\t\t\t\t\t\n\t\t\t\t\t<\/div>\n\t\t\t\t\t\t\t\t\n<style>\n#image_639077031 {\n  width: 100%;\n}\n<\/style>\n\t<\/div>\n\t\n\n\n\t\t<\/div>\n\t\t\t\t\t<\/div>\n\n\t\n\n\t<div id=\"col-889583198\" class=\"col medium-8 small-12 large-8\"  >\n\t\t\t\t<div class=\"col-inner text-left\"  >\n\t\t\t\n\t\t\t\n\n\t<div id=\"text-2517342097\" class=\"text\">\n\t\t\n\n<p class=\"textogris\" align=\"justify\">1. Datos Generales (Direcci\u00f3n, Tel\u00e9fono, Fax y E-mail).<\/p>\n<p class=\"textogris\" align=\"justify\">2. Solicitud y cantidad requerida en US$.<\/p>\n<p class=\"textogris\" align=\"justify\">3. Destino y su utilizaci\u00f3n proyectada en US$.<\/p>\n<p class=\"textogris\" align=\"justify\">4. Capitales propios del solicitante en US$.<\/p>\n<p class=\"textogris\" align=\"justify\">5. M\u00e9todo o Forma de Pago Propuesto por el Solicitante.<\/p>\n<p class=\"textogris\" align=\"justify\">6. Relaci\u00f3n de los Principales Accionistas de la Empresa, Incluir porcentajes de Acciones que poseen y Valor de Inversi\u00f3n. Bancos con los cuales operan y Bienes que poseen.<\/p>\n<p class=\"textogris\" align=\"justify\">7. Pron\u00f3stico de Ventas y An\u00e1lisis del Flujo de Caja.<\/p>\n<p class=\"textogris\" align=\"justify\">8. Estados financieros y Balance de Ganancias y P\u00e9rdidas de los \u00faltimos tres a\u00f1os Expresados en US$. (Para proyectos nuevos: Balance de Apertura)<\/p>\n<p class=\"textogris\" align=\"justify\">9. Informaci\u00f3n sobre la Empresa y el Proyecto.<\/p>\n<p class=\"textogris\" align=\"justify\">10. Resumen en forma de carta, que refiera todos los \u00edtems que Uds. desean resaltar o justificar la viabilidad del Proyecto de Inversi\u00f3n y fundamentar la Garant\u00eda y Rentabilidad de la Operaci\u00f3n Financiera.<\/p>\n<p class=\"textogris\" align=\"justify\">11. Copias de la Documentaci\u00f3n Legal de la Empresa y del Responsable de Proyecto de Inversi\u00f3n.<\/p>\n<p class=\"textogris\" align=\"justify\"><strong>Incluir todos los items pertinentes de la mencionada lista para su presentaci\u00f3n al Banco Prestamista, en orden de realizar el Planeamiento de Cierre y Desembolso, luego de la Firma del Bank Agreement y cuando la Letter Commitment ha sido emitida por la Instituci\u00f3n Financiera, con el Aval del Grupo Inversor.<\/strong><\/p>\n\t\t\n<style>\n#text-2517342097 {\n  font-size: 0.9rem;\n}\n<\/style>\n\t<\/div>\n\t\n\n\t\t<\/div>\n\t\t\t\t\t<\/div>\n\n\t\n\n<\/div>\n\n\t\t<\/div>\n\n\t\t\n<style>\n#section_2071442278 {\n  padding-top: 60px;\n  padding-bottom: 60px;\n  background-color: rgb(255, 249, 249);\n}\n#section_2071442278 .section-bg-overlay {\n  background-color: rgba(255, 255, 255, 0.85);\n}\n<\/style>\n\t<\/section>\n\t\n\n","protected":false},"excerpt":{"rendered":"","protected":false},"author":1,"featured_media":0,"parent":0,"menu_order":0,"comment_status":"closed","ping_status":"closed","template":"","meta":{"footnotes":""},"class_list":["post-23","page","type-page","status-publish","hentry"],"_links":{"self":[{"href":"https:\/\/blueheavenfinser.com\/es\/wp-json\/wp\/v2\/pages\/23","targetHints":{"allow":["GET"]}}],"collection":[{"href":"https:\/\/blueheavenfinser.com\/es\/wp-json\/wp\/v2\/pages"}],"about":[{"href":"https:\/\/blueheavenfinser.com\/es\/wp-json\/wp\/v2\/types\/page"}],"author":[{"embeddable":true,"href":"https:\/\/blueheavenfinser.com\/es\/wp-json\/wp\/v2\/users\/1"}],"replies":[{"embeddable":true,"href":"https:\/\/blueheavenfinser.com\/es\/wp-json\/wp\/v2\/comments?post=23"}],"version-history":[{"count":3,"href":"https:\/\/blueheavenfinser.com\/es\/wp-json\/wp\/v2\/pages\/23\/revisions"}],"predecessor-version":[{"id":92,"href":"https:\/\/blueheavenfinser.com\/es\/wp-json\/wp\/v2\/pages\/23\/revisions\/92"}],"wp:attachment":[{"href":"https:\/\/blueheavenfinser.com\/es\/wp-json\/wp\/v2\/media?parent=23"}],"curies":[{"name":"wp","href":"https:\/\/api.w.org\/{rel}","templated":true}]}}