{"id":30,"date":"2025-07-17T17:02:55","date_gmt":"2025-07-17T17:02:55","guid":{"rendered":"https:\/\/blueheavenfinser.com\/es\/?page_id=30"},"modified":"2025-07-18T05:26:06","modified_gmt":"2025-07-18T05:26:06","slug":"grupo-inversor","status":"publish","type":"page","link":"https:\/\/blueheavenfinser.com\/es\/grupo-inversor\/","title":{"rendered":"Grupo inversor"},"content":{"rendered":"\n<div class=\"slider-wrapper relative\" id=\"slider-1796442819\" style=\"background-color:rgb(46, 125, 177);\">\n    <div class=\"slider slider-nav-simple slider-nav-large slider-nav-light slider-nav-outside slider-style-normal slider-show-nav\"\n        data-flickity-options='{\n            \"cellAlign\": \"center\",\n            \"imagesLoaded\": true,\n            \"lazyLoad\": 1,\n            \"freeScroll\": false,\n            \"wrapAround\": true,\n            \"autoPlay\": 3000,\n            \"pauseAutoPlayOnHover\" : false,\n            \"prevNextButtons\": true,\n            \"contain\" : true,\n            \"adaptiveHeight\" : true,\n            \"dragThreshold\" : 10,\n            \"percentPosition\": true,\n            \"pageDots\": false,\n            \"rightToLeft\": false,\n            \"draggable\": true,\n            \"selectedAttraction\": 0.1,\n            \"parallax\" : 0,\n            \"friction\": 0.6        }'\n        >\n        \n\n\n\t<section class=\"section\" id=\"section_661622436\">\n\t\t<div class=\"section-bg fill\" >\n\t\t\t<img loading=\"lazy\" decoding=\"async\" width=\"2560\" height=\"1708\" src=\"https:\/\/blueheavenfinser.com\/es\/wp-content\/uploads\/sites\/3\/2025\/07\/banner1-scaled-1.jpg\" class=\"bg attachment- size-\" alt=\"\" \/>\t\t\t\t\t\t\n\t\t\t\n\t<div class=\"is-border\"\n\t\tstyle=\"border-color:rgb(111, 166, 212);border-width:0px 0px 20px 0px;\">\n\t<\/div>\n\n\t\t<\/div>\n\n\t\t\n\n\t\t<div class=\"section-content relative\">\n\t\t\t\n\n<div class=\"row\"  id=\"row-1873130310\">\n\n\n\t<div id=\"col-1015497147\" class=\"col medium-7 small-12 large-5\"  >\n\t\t\t\t<div class=\"col-inner\"  >\n\t\t\t\n\t\t\t\n\n\n\t\t<\/div>\n\t\t\t\t\t<\/div>\n\n\t\n\n<\/div>\n\n\t\t<\/div>\n\n\t\t\n<style>\n#section_661622436 {\n  padding-top: 30px;\n  padding-bottom: 30px;\n  min-height: 480px;\n  background-color: rgb(46, 125, 177);\n}\n#section_661622436 .section-bg img {\n  object-position: 70% 17%;\n}\n<\/style>\n\t<\/section>\n\t\n\n\t<section class=\"section dark\" id=\"section_1159349323\">\n\t\t<div class=\"section-bg fill\" >\n\t\t\t<img loading=\"lazy\" decoding=\"async\" width=\"2560\" height=\"1707\" src=\"https:\/\/blueheavenfinser.com\/es\/wp-content\/uploads\/sites\/3\/2025\/07\/banner2-scaled-1.jpg\" class=\"bg attachment- size-\" alt=\"\" \/>\t\t\t\t\t\t\n\t\t\t\n\t<div class=\"is-border\"\n\t\tstyle=\"border-color:rgb(111, 166, 212);border-width:0px 0px 20px 0px;\">\n\t<\/div>\n\n\t\t<\/div>\n\n\t\t\n\n\t\t<div class=\"section-content relative\">\n\t\t\t\n\n<div class=\"row\"  id=\"row-2124516552\">\n\n\n\t<div id=\"col-281966891\" class=\"col medium-7 small-12 large-5\"  >\n\t\t\t\t<div class=\"col-inner\"  >\n\t\t\t\n\t\t\t\n\n\n\t\t<\/div>\n\t\t\t\t\t<\/div>\n\n\t\n\n<\/div>\n\n\t\t<\/div>\n\n\t\t\n<style>\n#section_1159349323 {\n  padding-top: 30px;\n  padding-bottom: 30px;\n  min-height: 480px;\n  background-color: rgb(46, 125, 177);\n}\n#section_1159349323 .section-bg img {\n  object-position: 50% 13%;\n}\n<\/style>\n\t<\/section>\n\t\n\n\t<section class=\"section dark\" id=\"section_202973053\">\n\t\t<div class=\"section-bg fill\" >\n\t\t\t<img loading=\"lazy\" decoding=\"async\" width=\"2560\" height=\"1440\" src=\"https:\/\/blueheavenfinser.com\/es\/wp-content\/uploads\/sites\/3\/2025\/07\/banner3-scaled-1.jpg\" class=\"bg attachment- size-\" alt=\"\" \/>\t\t\t\t\t\t\n\t\t\t\n\t<div class=\"is-border\"\n\t\tstyle=\"border-color:rgb(111, 166, 212);border-width:0px 0px 20px 0px;\">\n\t<\/div>\n\n\t\t<\/div>\n\n\t\t\n\n\t\t<div class=\"section-content relative\">\n\t\t\t\n\n<div class=\"row\"  id=\"row-478177275\">\n\n\n\t<div id=\"col-800341130\" class=\"col medium-7 small-12 large-5\"  >\n\t\t\t\t<div class=\"col-inner\"  >\n\t\t\t\n\t\t\t\n\n\n\t\t<\/div>\n\t\t\t\t\t<\/div>\n\n\t\n\n<\/div>\n\n\t\t<\/div>\n\n\t\t\n<style>\n#section_202973053 {\n  padding-top: 30px;\n  padding-bottom: 30px;\n  min-height: 480px;\n  background-color: rgb(46, 125, 177);\n}\n#section_202973053 .section-bg img {\n  object-position: 50% 13%;\n}\n<\/style>\n\t<\/section>\n\t\n\n     <\/div>\n\n     <div class=\"loading-spin dark large centered\"><\/div>\n\n\t<\/div>\n\n\n\n\t<section class=\"section\" id=\"section_1978771843\">\n\t\t<div class=\"section-bg fill\" >\n\t\t\t\t\t\t\t\t\t\n\t\t\t\n\n\t\t<\/div>\n\n\t\t\n\n\t\t<div class=\"section-content relative\">\n\t\t\t\n\n<div class=\"row\"  id=\"row-182457288\">\n\n\n\t<div id=\"col-957614552\" class=\"col small-12 large-12\"  >\n\t\t\t\t<div class=\"col-inner\"  >\n\t\t\t\n\t\t\t\n\n<div class=\"row row-small row-box-shadow-1 row-box-shadow-4-hover\"  id=\"row-1878064230\">\n\n\n\t<div id=\"col-1301366642\" class=\"col medium-6 small-12 large-3\"  >\n\t\t\t\t<div class=\"col-inner\"  >\n\t\t\t\n\t\t\t\n\n\n\t\t<div class=\"icon-box featured-box icon-box-center text-center\"  >\n\t\t\t\t<div class=\"icon-box-text last-reset\">\n\t\t\t\t\t\t\t\t\t\n\n\t<div class=\"img has-hover x md-x lg-x y md-y lg-y\" id=\"image_427469386\">\n\t\t<a class=\"\" href=\"https:\/\/blueheavenfinser.com\/es\/informacion-general\/\" >\t\t\t\t\t\t<div class=\"img-inner image-cover dark\" style=\"padding-top:56.25%;\">\n\t\t\t<img loading=\"lazy\" decoding=\"async\" width=\"1020\" height=\"673\" src=\"https:\/\/blueheavenfinser.com\/es\/wp-content\/uploads\/sites\/3\/2025\/07\/general-information.jpg\" class=\"attachment-large size-large\" alt=\"\" srcset=\"https:\/\/blueheavenfinser.com\/es\/wp-content\/uploads\/sites\/3\/2025\/07\/general-information.jpg 1024w, https:\/\/blueheavenfinser.com\/es\/wp-content\/uploads\/sites\/3\/2025\/07\/general-information-300x198.jpg 300w, https:\/\/blueheavenfinser.com\/es\/wp-content\/uploads\/sites\/3\/2025\/07\/general-information-768x507.jpg 768w\" sizes=\"auto, (max-width: 1020px) 100vw, 1020px\" \/>\t\t\t\t\t\t\n\t\t\t\t\t<\/div>\n\t\t\t\t\t\t<\/a>\t\t\n<style>\n#image_427469386 {\n  width: 100%;\n}\n<\/style>\n\t<\/div>\n\t\n\n\t<div id=\"text-1111947593\" class=\"text\">\n\t\t\n\n<p>&nbsp;<\/p>\n<p><a href=\"https:\/\/blueheavenfinser.com\/es\/informacion-general\/\"><strong>INFORMACI\u00d3N GENERAL<\/strong><\/a><\/p>\n\t\t\n<style>\n#text-1111947593 {\n  font-size: 0.75rem;\n  line-height: 1.1;\n  text-align: center;\n  color: rgb(26, 42, 134);\n}\n#text-1111947593 > * {\n  color: rgb(26, 42, 134);\n}\n<\/style>\n\t<\/div>\n\t\n\n\t\t<\/div>\n\t<\/div>\n\t\n\t\n\n\t\t<\/div>\n\t\t\t\t\t<\/div>\n\n\t\n\n\t<div id=\"col-623144890\" class=\"col medium-6 small-12 large-3\"  >\n\t\t\t\t<div class=\"col-inner\"  >\n\t\t\t\n\t\t\t\n\n\n\t\t<div class=\"icon-box featured-box icon-box-center text-center\"  >\n\t\t\t\t<div class=\"icon-box-text last-reset\">\n\t\t\t\t\t\t\t\t\t\n\n\t<div class=\"img has-hover x md-x lg-x y md-y lg-y\" id=\"image_912234687\">\n\t\t<a class=\"\" href=\"https:\/\/blueheavenfinser.com\/es\/informacion-del-proyecto\/\" >\t\t\t\t\t\t<div class=\"img-inner image-cover dark\" style=\"padding-top:56.25%;\">\n\t\t\t<img loading=\"lazy\" decoding=\"async\" width=\"1020\" height=\"679\" src=\"https:\/\/blueheavenfinser.com\/es\/wp-content\/uploads\/sites\/3\/2025\/07\/project-information-1024x682.webp\" class=\"attachment-large size-large\" alt=\"\" srcset=\"https:\/\/blueheavenfinser.com\/es\/wp-content\/uploads\/sites\/3\/2025\/07\/project-information-1024x682.webp 1024w, https:\/\/blueheavenfinser.com\/es\/wp-content\/uploads\/sites\/3\/2025\/07\/project-information-300x200.webp 300w, https:\/\/blueheavenfinser.com\/es\/wp-content\/uploads\/sites\/3\/2025\/07\/project-information-768x512.webp 768w, https:\/\/blueheavenfinser.com\/es\/wp-content\/uploads\/sites\/3\/2025\/07\/project-information-1536x1023.webp 1536w, https:\/\/blueheavenfinser.com\/es\/wp-content\/uploads\/sites\/3\/2025\/07\/project-information.webp 1920w\" sizes=\"auto, (max-width: 1020px) 100vw, 1020px\" \/>\t\t\t\t\t\t\n\t\t\t\t\t<\/div>\n\t\t\t\t\t\t<\/a>\t\t\n<style>\n#image_912234687 {\n  width: 100%;\n}\n<\/style>\n\t<\/div>\n\t\n\n\t<div id=\"text-2126312982\" class=\"text\">\n\t\t\n\n<p>&nbsp;<\/p>\n<p><a href=\"https:\/\/blueheavenfinser.com\/es\/informacion-del-proyecto\/\"><strong>INFORMACI\u00d3N DEL PROYECTO<\/strong><\/a><\/p>\n\t\t\n<style>\n#text-2126312982 {\n  font-size: 0.75rem;\n  line-height: 1.1;\n  text-align: center;\n  color: rgb(26, 42, 134);\n}\n#text-2126312982 > * {\n  color: rgb(26, 42, 134);\n}\n<\/style>\n\t<\/div>\n\t\n\n\t\t<\/div>\n\t<\/div>\n\t\n\t\n\n\t\t<\/div>\n\t\t\t\t\t<\/div>\n\n\t\n\n\t<div id=\"col-523234613\" class=\"col medium-6 small-12 large-3\"  >\n\t\t\t\t<div class=\"col-inner\"  >\n\t\t\t\n\t\t\t\n\n\n\t\t<div class=\"icon-box featured-box icon-box-center text-center\"  >\n\t\t\t\t<div class=\"icon-box-text last-reset\">\n\t\t\t\t\t\t\t\t\t\n\n\t<div class=\"img has-hover x md-x lg-x y md-y lg-y\" id=\"image_1000863968\">\n\t\t<a class=\"\" href=\"https:\/\/blueheavenfinser.com\/es\/agentes-y-representantes\/\" >\t\t\t\t\t\t<div class=\"img-inner image-cover dark\" style=\"padding-top:56.25%;\">\n\t\t\t<img loading=\"lazy\" decoding=\"async\" width=\"1020\" height=\"551\" src=\"https:\/\/blueheavenfinser.com\/es\/wp-content\/uploads\/sites\/3\/2025\/07\/agents-and-representatives-1024x553.jpeg\" class=\"attachment-large size-large\" alt=\"\" srcset=\"https:\/\/blueheavenfinser.com\/es\/wp-content\/uploads\/sites\/3\/2025\/07\/agents-and-representatives-1024x553.jpeg 1024w, https:\/\/blueheavenfinser.com\/es\/wp-content\/uploads\/sites\/3\/2025\/07\/agents-and-representatives-300x162.jpeg 300w, https:\/\/blueheavenfinser.com\/es\/wp-content\/uploads\/sites\/3\/2025\/07\/agents-and-representatives-768x415.jpeg 768w, https:\/\/blueheavenfinser.com\/es\/wp-content\/uploads\/sites\/3\/2025\/07\/agents-and-representatives.jpeg 1280w\" sizes=\"auto, (max-width: 1020px) 100vw, 1020px\" \/>\t\t\t\t\t\t\n\t\t\t\t\t<\/div>\n\t\t\t\t\t\t<\/a>\t\t\n<style>\n#image_1000863968 {\n  width: 100%;\n}\n<\/style>\n\t<\/div>\n\t\n\n\t<div id=\"text-3444130372\" class=\"text\">\n\t\t\n\n<p>&nbsp;<\/p>\n<p><a href=\"https:\/\/blueheavenfinser.com\/es\/agentes-y-representantes\/\"><strong>AGENTES Y REPRESENTANTES<\/strong><\/a><\/p>\n\t\t\n<style>\n#text-3444130372 {\n  font-size: 0.75rem;\n  line-height: 1.1;\n  text-align: center;\n  color: rgb(26, 42, 134);\n}\n#text-3444130372 > * {\n  color: rgb(26, 42, 134);\n}\n<\/style>\n\t<\/div>\n\t\n\n\t\t<\/div>\n\t<\/div>\n\t\n\t\n\n\t\t<\/div>\n\t\t\t\t\t<\/div>\n\n\t\n\n\t<div id=\"col-622281898\" class=\"col medium-6 small-12 large-3\"  >\n\t\t\t\t<div class=\"col-inner\"  >\n\t\t\t\n\t\t\t\n\n\n\t\t<div class=\"icon-box featured-box icon-box-center text-center\"  >\n\t\t\t\t<div class=\"icon-box-text last-reset\">\n\t\t\t\t\t\t\t\t\t\n\n\t<div class=\"img has-hover x md-x lg-x y md-y lg-y\" id=\"image_182815664\">\n\t\t<a class=\"\" href=\"https:\/\/blueheavenfinser.com\/es\/requerimientos\/\" >\t\t\t\t\t\t<div class=\"img-inner image-cover dark\" style=\"padding-top:56.25%;\">\n\t\t\t<img loading=\"lazy\" decoding=\"async\" width=\"1020\" height=\"680\" src=\"https:\/\/blueheavenfinser.com\/es\/wp-content\/uploads\/sites\/3\/2025\/07\/requirements-1024x683.jpg\" class=\"attachment-large size-large\" alt=\"\" srcset=\"https:\/\/blueheavenfinser.com\/es\/wp-content\/uploads\/sites\/3\/2025\/07\/requirements-1024x683.jpg 1024w, https:\/\/blueheavenfinser.com\/es\/wp-content\/uploads\/sites\/3\/2025\/07\/requirements-300x200.jpg 300w, https:\/\/blueheavenfinser.com\/es\/wp-content\/uploads\/sites\/3\/2025\/07\/requirements-768x512.jpg 768w, https:\/\/blueheavenfinser.com\/es\/wp-content\/uploads\/sites\/3\/2025\/07\/requirements-1536x1024.jpg 1536w, https:\/\/blueheavenfinser.com\/es\/wp-content\/uploads\/sites\/3\/2025\/07\/requirements-2048x1366.jpg 2048w\" sizes=\"auto, (max-width: 1020px) 100vw, 1020px\" \/>\t\t\t\t\t\t\n\t\t\t\t\t<\/div>\n\t\t\t\t\t\t<\/a>\t\t\n<style>\n#image_182815664 {\n  width: 100%;\n}\n<\/style>\n\t<\/div>\n\t\n\n\t<div id=\"text-1599267071\" class=\"text\">\n\t\t\n\n<p>&nbsp;<\/p>\n<p><a href=\"https:\/\/blueheavenfinser.com\/es\/requerimientos\/\"><b>REQUERIMIENTOS<\/b><\/a><\/p>\n\t\t\n<style>\n#text-1599267071 {\n  font-size: 0.75rem;\n  line-height: 1.1;\n  text-align: center;\n  color: rgb(26, 42, 134);\n}\n#text-1599267071 > * {\n  color: rgb(26, 42, 134);\n}\n<\/style>\n\t<\/div>\n\t\n\n\t\t<\/div>\n\t<\/div>\n\t\n\t\n\n\t\t<\/div>\n\t\t\t\t\t<\/div>\n\n\t\n\n\n<style>\n#row-1878064230 > .col > .col-inner {\n  padding: 30px 30px 30px 30px;\n  background-color: rgb(255,255,255);\n}\n<\/style>\n<\/div>\n\n\t\t<\/div>\n\t\t\t\t\n<style>\n#col-957614552 > .col-inner {\n  margin: -100px 0px 0px 0px;\n}\n<\/style>\n\t<\/div>\n\n\t\n\n<\/div>\n<div class=\"text-center\"><div class=\"is-divider divider clearfix\" style=\"max-width:500px;\"><\/div><\/div>\n\n\n\t\t<\/div>\n\n\t\t\n<style>\n#section_1978771843 {\n  padding-top: 30px;\n  padding-bottom: 30px;\n  background-color: rgb(255, 255, 255);\n}\n<\/style>\n\t<\/section>\n\t\n\n\t<section class=\"section\" id=\"section_1258349902\">\n\t\t<div class=\"section-bg fill\" >\n\t\t\t\t\t\t\t\t\t<div class=\"section-bg-overlay absolute fill\"><\/div>\n\t\t\t\n\n\t\t<\/div>\n\n\t\t\n\n\t\t<div class=\"section-content relative\">\n\t\t\t\n\n<div class=\"row row-large align-middle\"  id=\"row-2111083352\">\n\n\n\t<div id=\"col-84930398\" class=\"col medium-4 small-12 large-4\"  >\n\t\t\t\t<div class=\"col-inner\"  >\n\t\t\t\n\t\t\t\n\n<div class=\"container section-title-container\" ><h3 class=\"section-title section-title-normal\"><b><\/b><span class=\"section-title-main\" style=\"color:rgb(26, 42, 134);\">GRUPO INVERSOR<\/span><b><\/b><\/h3><\/div>\n\n\t<div class=\"img has-hover x md-x lg-x y md-y lg-y\" id=\"image_856700313\">\n\t\t\t\t\t\t\t\t<div class=\"img-inner dark\" >\n\t\t\t<img loading=\"lazy\" decoding=\"async\" width=\"1020\" height=\"677\" src=\"https:\/\/blueheavenfinser.com\/es\/wp-content\/uploads\/sites\/3\/2025\/07\/6-7-1024x680.jpg\" class=\"attachment-large size-large\" alt=\"\" srcset=\"https:\/\/blueheavenfinser.com\/es\/wp-content\/uploads\/sites\/3\/2025\/07\/6-7-1024x680.jpg 1024w, https:\/\/blueheavenfinser.com\/es\/wp-content\/uploads\/sites\/3\/2025\/07\/6-7-300x199.jpg 300w, https:\/\/blueheavenfinser.com\/es\/wp-content\/uploads\/sites\/3\/2025\/07\/6-7-768x510.jpg 768w, https:\/\/blueheavenfinser.com\/es\/wp-content\/uploads\/sites\/3\/2025\/07\/6-7.jpg 1280w\" sizes=\"auto, (max-width: 1020px) 100vw, 1020px\" \/>\t\t\t\t\t\t\n\t\t\t\t\t<\/div>\n\t\t\t\t\t\t\t\t\n<style>\n#image_856700313 {\n  width: 100%;\n}\n<\/style>\n\t<\/div>\n\t\n\n\n\t\t<\/div>\n\t\t\t\t\t<\/div>\n\n\t\n\n\t<div id=\"col-294225520\" class=\"col medium-8 small-12 large-8\"  >\n\t\t\t\t<div class=\"col-inner text-left\"  >\n\t\t\t\n\t\t\t\n\n\t<div id=\"text-3876374455\" class=\"text\">\n\t\t\n\n<p class=\"textogris\" align=\"justify\">Nos encargamos de conectar su proyecto con el grupo inversor de su rubro, destacar los aspectos m\u00e1s importantes de su proyecto para interesar al indicado quien colocar\u00e1 sus colaterales a favor de su proyecto y avalarlo ante el banco prestamista para que con su aval se logre el desembolso solicitado.<\/p>\n<p class=\"textogris\" align=\"justify\">Todo esto luego de haber sido sometido su proyecto de inversi\u00f3n a un comit\u00e9 de cr\u00e9dito que evaluar\u00e1 y decidir\u00e1 a favor o no de su proyecto.<\/p>\n<p class=\"textogris\" align=\"justify\">La informaci\u00f3n que proporcionamos luego de haber trabajado la informaci\u00f3n que usted nos someta ser\u00e1 estudiada, comparada y enviada a grupo inversor de experiencia en garantizar el \u00e9xito de proceso de desembolso y cierre del pr\u00e9stamo solicitado.<\/p>\n\t\t\n<style>\n#text-3876374455 {\n  font-size: 0.9rem;\n}\n<\/style>\n\t<\/div>\n\t\n\n\t\t<\/div>\n\t\t\t\t\t<\/div>\n\n\t\n\n<\/div>\n\n\t\t<\/div>\n\n\t\t\n<style>\n#section_1258349902 {\n  padding-top: 60px;\n  padding-bottom: 60px;\n  background-color: rgb(255, 249, 249);\n}\n#section_1258349902 .section-bg-overlay {\n  background-color: rgba(255, 255, 255, 0.85);\n}\n<\/style>\n\t<\/section>\n\t\n\n","protected":false},"excerpt":{"rendered":"","protected":false},"author":1,"featured_media":0,"parent":0,"menu_order":0,"comment_status":"closed","ping_status":"closed","template":"","meta":{"footnotes":""},"class_list":["post-30","page","type-page","status-publish","hentry"],"_links":{"self":[{"href":"https:\/\/blueheavenfinser.com\/es\/wp-json\/wp\/v2\/pages\/30","targetHints":{"allow":["GET"]}}],"collection":[{"href":"https:\/\/blueheavenfinser.com\/es\/wp-json\/wp\/v2\/pages"}],"about":[{"href":"https:\/\/blueheavenfinser.com\/es\/wp-json\/wp\/v2\/types\/page"}],"author":[{"embeddable":true,"href":"https:\/\/blueheavenfinser.com\/es\/wp-json\/wp\/v2\/users\/1"}],"replies":[{"embeddable":true,"href":"https:\/\/blueheavenfinser.com\/es\/wp-json\/wp\/v2\/comments?post=30"}],"version-history":[{"count":3,"href":"https:\/\/blueheavenfinser.com\/es\/wp-json\/wp\/v2\/pages\/30\/revisions"}],"predecessor-version":[{"id":98,"href":"https:\/\/blueheavenfinser.com\/es\/wp-json\/wp\/v2\/pages\/30\/revisions\/98"}],"wp:attachment":[{"href":"https:\/\/blueheavenfinser.com\/es\/wp-json\/wp\/v2\/media?parent=30"}],"curies":[{"name":"wp","href":"https:\/\/api.w.org\/{rel}","templated":true}]}}